{"id":6040,"date":"2024-11-08T14:29:50","date_gmt":"2024-11-08T13:29:50","guid":{"rendered":"https:\/\/gpsmonacogroup.com\/?page_id=6040"},"modified":"2025-02-21T11:37:19","modified_gmt":"2025-02-21T10:37:19","slug":"mentions-legales","status":"publish","type":"page","link":"https:\/\/gpsmonacogroup.com\/zh\/mentions-legales\/","title":{"rendered":"\u6cd5\u5f8b\u4fe1\u606f"},"content":{"rendered":"<div data-elementor-type=\"wp-page\" data-elementor-id=\"6040\" class=\"elementor elementor-6040\" data-elementor-post-type=\"page\">\n\t\t\t\t<div class=\"elementor-element elementor-element-41378db e-flex e-con-boxed e-con e-parent\" data-id=\"41378db\" data-element_type=\"container\" data-e-type=\"container\">\n\t\t\t\t\t<div class=\"e-con-inner\">\n\t\t\t\t<div class=\"elementor-element elementor-element-bb43f0c elementor-widget elementor-widget-heading\" data-id=\"bb43f0c\" data-element_type=\"widget\" data-e-type=\"widget\" data-widget_type=\"heading.default\">\n\t\t\t\t<div class=\"elementor-widget-container\">\n\t\t\t\t\t<h1 class=\"elementor-heading-title elementor-size-default\">\u6cd5\u5f8b\u4fe1\u606f<\/h1>\t\t\t\t<\/div>\n\t\t\t\t<\/div>\n\t\t\t\t<div class=\"elementor-element elementor-element-64c09a88 elementor-widget elementor-widget-text-editor\" data-id=\"64c09a88\" data-element_type=\"widget\" data-e-type=\"widget\" data-widget_type=\"text-editor.default\">\n\t\t\t\t<div class=\"elementor-widget-container\">\n\t\t\t\t\t\t\t\t\t\n<h2 class=\"wp-block-heading\">\u51fa\u7248\u7269<\/h2>\n\n<p>\u672c\u7f51\u7ad9\u7531\u6469\u7eb3\u54e5GPS\u96c6\u56e2\uff08GPS Monaco Group SAM\uff09\u6240\u6709\uff0c\u8be5\u516c\u53f8\u80a1\u672c\u4e3a15\u4e07\u6b27\u5143\u3002\u00a0<\/p>\n<p>\u5168\u7403\u91c7\u8d2d\u89e3\u51b3\u65b9\u6848 GPS MONACO GROUP SAM<br \/><strong>Le Triton \u5927\u697c<br \/>5 Rue du Gabian - 5 \u697c<br \/>98000 \u6469\u7eb3\u54e5<\/strong><br \/><a href=\"http:\/\/www.gps-group.fr\/\">www.gpsmonacogroup.com<br \/><\/a><a href=\"mailto:contact@gpsmonacogroup.com\">contact@gpsmonacogroup.com<\/a><\/p>\n<p>KBIS \u7f16\u53f7\uff1a17S07563 \/ \u589e\u503c\u7a0e\u7f16\u53f7\uff1aFR39000132026<\/p>\n<p>\u6ce8\u518c\u5730\u70b9\uff1a\u6469\u7eb3\u54e5<\/p>\n<p>\u8be5\u7f51\u7ad9\u7531 Marjorie BARIN \u9886\u5bfc\u7684 GPS \u6469\u7eb3\u54e5\u96c6\u56e2 SAM \u5e02\u573a\u90e8\u521b\u5efa\uff0c\u7531 Tack-Tack (<a href=\"https:\/\/www.tack-tack.fr\">https:\/\/www.tack-tack.fr<\/a>).<\/p>\n\n<h2 class=\"wp-block-heading\">\u7f51\u7ad9\u6258\u7ba1<\/h2>\n\n<p>\u672c\u7f51\u7ad9\u7531 <strong>\u4e9a\u9a6c\u900a\u7f51\u7edc\u670d\u52a1\uff08AWS\uff09\u3002<\/strong><\/p>\n<p>\u4e9a\u9a6c\u900a\u7f51\u7edc\u670d\u52a1\u516c\u53f8<br \/>410 Terry Avenue North, Seattle, WA 98109-5210, United States.<br \/>+1 206-266-1000<\/p>\n\n<p><strong>\u77e5\u8bc6\u4ea7\u6743<br \/><\/strong><strong><br \/><\/strong>\u672c\u7f51\u7ad9\u53d7\u77e5\u8bc6\u4ea7\u6743\u4fdd\u62a4\uff0c\u662fGPS\u6469\u7eb3\u54e5\u96c6\u56e2SAM\u7684\u4e13\u6709\u8d22\u4ea7\u3002\u672c\u7f51\u7ad9\u7684\u8bbe\u8ba1\u3001\u56fe\u5f62\u3001\u5185\u5bb9\u548c\u7ec4\u7ec7\u90fd\u662f\u539f\u521b\u4f5c\u54c1\uff0c\u662fGPS\u6469\u7eb3\u54e5\u96c6\u56e2SAM\u7684\u4e13\u6709\u8d22\u4ea7\u3002<\/p>\n<p>\u672a\u7ecf\u4f5c\u8005\u6216\u5176\u6240\u6709\u6743\u7ee7\u627f\u4eba\u6216\u53d7\u8ba9\u4eba\u540c\u610f\uff0c\u4efb\u4f55\u5168\u90e8\u6216\u90e8\u5206\u590d\u5236\u6216\u7ffb\u5370\u5747\u5c5e\u975e\u6cd5\u3002\u8fd9\u540c\u6837\u9002\u7528\u4e8e\u4ee5\u4efb\u4f55\u65b9\u5f0f\u8fdb\u884c\u7684\u7ffb\u8bd1\u3001\u6539\u7f16\u6216\u7f16\u6392\uff081957 \u5e74 3 \u6708 11 \u65e5\u7b2c 57298 \u53f7\u6cd5\u5f8b\uff09\u3002<\/p>\n<p><strong>\u7b2c\u4e09\u65b9\u7f51\u7ad9\u7684\u8d85\u94fe\u63a5<br \/><\/strong><strong><br \/><\/strong>GPS\u6469\u7eb3\u54e5\u96c6\u56e2SAM\u65e0\u6cd5\u63a7\u5236\u7b2c\u4e09\u65b9\u7f51\u7ad9\u7684\u5185\u5bb9\u3002\u5728GPS\u6469\u7eb3\u54e5\u96c6\u56e2SAM\u7f51\u7ad9\u548c\u7b2c\u4e09\u65b9\u7f51\u7ad9\u4e4b\u95f4\u5b58\u5728\u8d85\u6587\u672c\u94fe\u63a5\uff0c\u5e76\u4e0d\u610f\u5473\u7740GPS\u6469\u7eb3\u54e5\u96c6\u56e2SAM\u5bf9\u7b2c\u4e09\u65b9\u7f51\u7ad9\u7684\u5185\u5bb9\u6709\u4efb\u4f55\u63a7\u5236\u6743\u3002<\/p>\n<p><strong>\u514d\u8d23\u58f0\u660e<br \/><\/strong><strong><br \/><\/strong>\u672c\u7f51\u7ad9\u7528\u6237\u6709\u8d23\u4efb\u91c7\u53d6\u4e00\u5207\u9002\u5f53\u63aa\u65bd\uff0c\u4fdd\u62a4\u81ea\u5df1\u7684\u6570\u636e\u548c\/\u6216\u8f6f\u4ef6\u4e0d\u53d7\u4e92\u8054\u7f51\u4e0a\u4f20\u64ad\u7684\u4efb\u4f55\u75c5\u6bd2\u7684\u6c61\u67d3\u3002<\/p>\n<p><strong>\u573a\u5730\u6539\u9020<br \/><\/strong><strong><br \/><\/strong>GPS\u6469\u7eb3\u54e5\u96c6\u56e2\u4fdd\u7559\u968f\u65f6\u4fee\u6539\u6216\u66f4\u6b63\u672c\u7f51\u7ad9\u5185\u5bb9\u548c\u672c\u6cd5\u5f8b\u58f0\u660e\u7684\u6743\u5229\uff0c\u6055\u4e0d\u53e6\u884c\u901a\u77e5\u3002<\/p>\t\t\t\t\t\t\t\t<\/div>\n\t\t\t\t<\/div>\n\t\t\t\t\t<\/div>\n\t\t\t\t<\/div>\n\t\t\t\t<\/div>","protected":false},"excerpt":{"rendered":"<p>Publication Le pr\u00e9sent site est d\u00e9tenu par GPS Monaco Group SAM, entreprise au capital social de 150 000 euros.\u00a0 Global Procurement Solution GPS MONACO GROUP SAMB\u00e2timent Le Triton5 Rue du Gabian \u2013 5e \u00e9tage98000 Monacowww.gpsmonacogroup.comcontact@gpsmonacogroup.com N\u00b0 KBIS : 17S07563 \/ N\u00b0 TVA : FR39000132026 Lieu d&rsquo;enregistrement : Monaco Le pr\u00e9sent site a \u00e9t\u00e9 r\u00e9alis\u00e9 par [&hellip;]<\/p>\n","protected":false},"author":1,"featured_media":0,"parent":0,"menu_order":0,"comment_status":"closed","ping_status":"open","template":"","meta":{"_acf_changed":false,"inline_featured_image":false,"footnotes":""},"class_list":["post-6040","page","type-page","status-publish","hentry"],"acf":[],"yoast_head":"<!-- This site is optimized with the Yoast SEO plugin v27.0 - https:\/\/yoast.com\/product\/yoast-seo-wordpress\/ -->\n<title>Mentions l\u00e9gales - GPS Monaco Group<\/title>\n<meta name=\"robots\" content=\"index, follow, max-snippet:-1, max-image-preview:large, max-video-preview:-1\" \/>\n<link rel=\"canonical\" href=\"https:\/\/gpsmonacogroup.com\/zh\/mentions-legales\/\" \/>\n<meta property=\"og:locale\" content=\"zh_CN\" \/>\n<meta property=\"og:type\" content=\"article\" \/>\n<meta property=\"og:title\" content=\"Mentions l\u00e9gales - GPS Monaco Group\" \/>\n<meta property=\"og:description\" content=\"Publication Le pr\u00e9sent site est d\u00e9tenu par GPS Monaco Group SAM, entreprise au capital social de 150 000 euros.\u00a0 Global Procurement Solution GPS MONACO GROUP SAMB\u00e2timent Le Triton5 Rue du Gabian \u2013 5e \u00e9tage98000 Monacowww.gpsmonacogroup.comcontact@gpsmonacogroup.com N\u00b0 KBIS : 17S07563 \/ N\u00b0 TVA : FR39000132026 Lieu d&rsquo;enregistrement : Monaco Le pr\u00e9sent site a \u00e9t\u00e9 r\u00e9alis\u00e9 par [&hellip;]\" \/>\n<meta property=\"og:url\" content=\"https:\/\/gpsmonacogroup.com\/zh\/mentions-legales\/\" \/>\n<meta property=\"og:site_name\" content=\"GPS Monaco Group\" \/>\n<meta property=\"article:modified_time\" content=\"2025-02-21T10:37:19+00:00\" \/>\n<meta name=\"twitter:card\" content=\"summary_large_image\" \/>\n<meta name=\"twitter:label1\" content=\"\u9884\u8ba1\u9605\u8bfb\u65f6\u95f4\" \/>\n\t<meta name=\"twitter:data1\" content=\"2 \u5206\" \/>\n<script type=\"application\/ld+json\" class=\"yoast-schema-graph\">{\"@context\":\"https:\/\/schema.org\",\"@graph\":[{\"@type\":\"WebPage\",\"@id\":\"https:\/\/gpsmonacogroup.com\/mentions-legales\/\",\"url\":\"https:\/\/gpsmonacogroup.com\/mentions-legales\/\",\"name\":\"Mentions l\u00e9gales - GPS Monaco Group\",\"isPartOf\":{\"@id\":\"https:\/\/gpsmonacogroup.com\/it\/#website\"},\"datePublished\":\"2024-11-08T13:29:50+00:00\",\"dateModified\":\"2025-02-21T10:37:19+00:00\",\"breadcrumb\":{\"@id\":\"https:\/\/gpsmonacogroup.com\/mentions-legales\/#breadcrumb\"},\"inLanguage\":\"zh-Hans\",\"potentialAction\":[{\"@type\":\"ReadAction\",\"target\":[\"https:\/\/gpsmonacogroup.com\/mentions-legales\/\"]}]},{\"@type\":\"BreadcrumbList\",\"@id\":\"https:\/\/gpsmonacogroup.com\/mentions-legales\/#breadcrumb\",\"itemListElement\":[{\"@type\":\"ListItem\",\"position\":1,\"name\":\"Accueil\",\"item\":\"https:\/\/gpsmonacogroup.com\/\"},{\"@type\":\"ListItem\",\"position\":2,\"name\":\"Mentions l\u00e9gales\"}]},{\"@type\":\"WebSite\",\"@id\":\"https:\/\/gpsmonacogroup.com\/it\/#website\",\"url\":\"https:\/\/gpsmonacogroup.com\/it\/\",\"name\":\"GPS Monaco Group\",\"description\":\"\",\"publisher\":{\"@id\":\"https:\/\/gpsmonacogroup.com\/it\/#organization\"},\"potentialAction\":[{\"@type\":\"SearchAction\",\"target\":{\"@type\":\"EntryPoint\",\"urlTemplate\":\"https:\/\/gpsmonacogroup.com\/it\/?s={search_term_string}\"},\"query-input\":{\"@type\":\"PropertyValueSpecification\",\"valueRequired\":true,\"valueName\":\"search_term_string\"}}],\"inLanguage\":\"zh-Hans\"},{\"@type\":\"Organization\",\"@id\":\"https:\/\/gpsmonacogroup.com\/it\/#organization\",\"name\":\"GPS Monaco Group\",\"url\":\"https:\/\/gpsmonacogroup.com\/it\/\",\"logo\":{\"@type\":\"ImageObject\",\"inLanguage\":\"zh-Hans\",\"@id\":\"https:\/\/gpsmonacogroup.com\/it\/#\/schema\/logo\/image\/\",\"url\":\"https:\/\/gpsmonacogroup.com\/wp-content\/uploads\/2024\/08\/logo-GPS-blanc.webp\",\"contentUrl\":\"https:\/\/gpsmonacogroup.com\/wp-content\/uploads\/2024\/08\/logo-GPS-blanc.webp\",\"width\":211,\"height\":125,\"caption\":\"GPS Monaco Group\"},\"image\":{\"@id\":\"https:\/\/gpsmonacogroup.com\/it\/#\/schema\/logo\/image\/\"}}]}<\/script>\n<!-- \/ Yoast SEO plugin. -->","yoast_head_json":{"title":"Mentions l\u00e9gales - GPS Monaco Group","robots":{"index":"index","follow":"follow","max-snippet":"max-snippet:-1","max-image-preview":"max-image-preview:large","max-video-preview":"max-video-preview:-1"},"canonical":"https:\/\/gpsmonacogroup.com\/zh\/mentions-legales\/","og_locale":"zh_CN","og_type":"article","og_title":"Mentions l\u00e9gales - GPS Monaco Group","og_description":"Publication Le pr\u00e9sent site est d\u00e9tenu par GPS Monaco Group SAM, entreprise au capital social de 150 000 euros.\u00a0 Global Procurement Solution GPS MONACO GROUP SAMB\u00e2timent Le Triton5 Rue du Gabian \u2013 5e \u00e9tage98000 Monacowww.gpsmonacogroup.comcontact@gpsmonacogroup.com N\u00b0 KBIS : 17S07563 \/ N\u00b0 TVA : FR39000132026 Lieu d&rsquo;enregistrement : Monaco Le pr\u00e9sent site a \u00e9t\u00e9 r\u00e9alis\u00e9 par [&hellip;]","og_url":"https:\/\/gpsmonacogroup.com\/zh\/mentions-legales\/","og_site_name":"GPS Monaco Group","article_modified_time":"2025-02-21T10:37:19+00:00","twitter_card":"summary_large_image","twitter_misc":{"\u9884\u8ba1\u9605\u8bfb\u65f6\u95f4":"2 \u5206"},"schema":{"@context":"https:\/\/schema.org","@graph":[{"@type":"WebPage","@id":"https:\/\/gpsmonacogroup.com\/mentions-legales\/","url":"https:\/\/gpsmonacogroup.com\/mentions-legales\/","name":"Mentions l\u00e9gales - GPS Monaco Group","isPartOf":{"@id":"https:\/\/gpsmonacogroup.com\/it\/#website"},"datePublished":"2024-11-08T13:29:50+00:00","dateModified":"2025-02-21T10:37:19+00:00","breadcrumb":{"@id":"https:\/\/gpsmonacogroup.com\/mentions-legales\/#breadcrumb"},"inLanguage":"zh-Hans","potentialAction":[{"@type":"ReadAction","target":["https:\/\/gpsmonacogroup.com\/mentions-legales\/"]}]},{"@type":"BreadcrumbList","@id":"https:\/\/gpsmonacogroup.com\/mentions-legales\/#breadcrumb","itemListElement":[{"@type":"ListItem","position":1,"name":"Accueil","item":"https:\/\/gpsmonacogroup.com\/"},{"@type":"ListItem","position":2,"name":"Mentions l\u00e9gales"}]},{"@type":"WebSite","@id":"https:\/\/gpsmonacogroup.com\/it\/#website","url":"https:\/\/gpsmonacogroup.com\/it\/","name":"\u6469\u7eb3\u54e5\u5168\u7403\u5b9a\u4f4d\u7cfb\u7edf\u96c6\u56e2","description":"","publisher":{"@id":"https:\/\/gpsmonacogroup.com\/it\/#organization"},"potentialAction":[{"@type":"SearchAction","target":{"@type":"EntryPoint","urlTemplate":"https:\/\/gpsmonacogroup.com\/it\/?s={search_term_string}"},"query-input":{"@type":"PropertyValueSpecification","valueRequired":true,"valueName":"search_term_string"}}],"inLanguage":"zh-Hans"},{"@type":"Organization","@id":"https:\/\/gpsmonacogroup.com\/it\/#organization","name":"\u6469\u7eb3\u54e5\u5168\u7403\u5b9a\u4f4d\u7cfb\u7edf\u96c6\u56e2","url":"https:\/\/gpsmonacogroup.com\/it\/","logo":{"@type":"ImageObject","inLanguage":"zh-Hans","@id":"https:\/\/gpsmonacogroup.com\/it\/#\/schema\/logo\/image\/","url":"https:\/\/gpsmonacogroup.com\/wp-content\/uploads\/2024\/08\/logo-GPS-blanc.webp","contentUrl":"https:\/\/gpsmonacogroup.com\/wp-content\/uploads\/2024\/08\/logo-GPS-blanc.webp","width":211,"height":125,"caption":"GPS Monaco Group"},"image":{"@id":"https:\/\/gpsmonacogroup.com\/it\/#\/schema\/logo\/image\/"}}]}},"_links":{"self":[{"href":"https:\/\/gpsmonacogroup.com\/zh\/wp-json\/wp\/v2\/pages\/6040","targetHints":{"allow":["GET"]}}],"collection":[{"href":"https:\/\/gpsmonacogroup.com\/zh\/wp-json\/wp\/v2\/pages"}],"about":[{"href":"https:\/\/gpsmonacogroup.com\/zh\/wp-json\/wp\/v2\/types\/page"}],"author":[{"embeddable":true,"href":"https:\/\/gpsmonacogroup.com\/zh\/wp-json\/wp\/v2\/users\/1"}],"replies":[{"embeddable":true,"href":"https:\/\/gpsmonacogroup.com\/zh\/wp-json\/wp\/v2\/comments?post=6040"}],"version-history":[{"count":28,"href":"https:\/\/gpsmonacogroup.com\/zh\/wp-json\/wp\/v2\/pages\/6040\/revisions"}],"predecessor-version":[{"id":6306,"href":"https:\/\/gpsmonacogroup.com\/zh\/wp-json\/wp\/v2\/pages\/6040\/revisions\/6306"}],"wp:attachment":[{"href":"https:\/\/gpsmonacogroup.com\/zh\/wp-json\/wp\/v2\/media?parent=6040"}],"curies":[{"name":"wp","href":"https:\/\/api.w.org\/{rel}","templated":true}]}}