{"id":3,"date":"2024-08-27T14:07:40","date_gmt":"2024-08-27T12:07:40","guid":{"rendered":"http:\/\/gpsmonaco.test\/?page_id=3"},"modified":"2025-02-21T11:37:43","modified_gmt":"2025-02-21T10:37:43","slug":"politique-de-confidentialite","status":"publish","type":"page","link":"https:\/\/gpsmonacogroup.com\/zh\/politique-de-confidentialite\/","title":{"rendered":"\u9690\u79c1\u653f\u7b56"},"content":{"rendered":"<div data-elementor-type=\"wp-page\" data-elementor-id=\"3\" class=\"elementor elementor-3\" data-elementor-post-type=\"page\">\n\t\t\t\t<div class=\"elementor-element elementor-element-41378db e-flex e-con-boxed e-con e-parent\" data-id=\"41378db\" data-element_type=\"container\" data-e-type=\"container\">\n\t\t\t\t\t<div class=\"e-con-inner\">\n\t\t\t\t<div class=\"elementor-element elementor-element-bb43f0c elementor-widget elementor-widget-heading\" data-id=\"bb43f0c\" data-element_type=\"widget\" data-e-type=\"widget\" data-widget_type=\"heading.default\">\n\t\t\t\t<div class=\"elementor-widget-container\">\n\t\t\t\t\t<h1 class=\"elementor-heading-title elementor-size-default\">\u9690\u79c1\u653f\u7b56<\/h1>\t\t\t\t<\/div>\n\t\t\t\t<\/div>\n\t\t\t\t<div class=\"elementor-element elementor-element-64c09a88 elementor-widget elementor-widget-text-editor\" data-id=\"64c09a88\" data-element_type=\"widget\" data-e-type=\"widget\" data-widget_type=\"text-editor.default\">\n\t\t\t\t<div class=\"elementor-widget-container\">\n\t\t\t\t\t\t\t\t\t\n<p class=\"fusion-responsive-typography-calculated\" data-fontsize=\"18\" data-lineheight=\"30.059999px\">\u6839\u636e 2004 \u5e74 6 \u6708 21 \u65e5\u9881\u5e03\u7684\u7b2c 2004-575 \u53f7\u300a\u6570\u5b57\u7ecf\u6d4e\u4fe1\u5fc3\u6cd5\u300b\uff08\u7b80\u79f0 L.C.E.N.\uff09\u7b2c 6-III \u6761\u548c\u7b2c 19 \u6761\u7684\u89c4\u5b9a\uff0c\u6211\u4eec\u7279\u6b64\u901a\u77e5 https:\/\/gpsmonacogroup.com\/ \u7f51\u7ad9\u7684\u7528\u6237\u548c\u8bbf\u95ee\u8005\u4ee5\u4e0b\u4fe1\u606f\uff1a<\/p>\n\n<h2 class=\"wp-block-heading\">\u5c0a\u91cd\u4e2a\u4eba\u6570\u636e<\/h2>\n\n<p>\u6839\u636e\u73b0\u884c\u6cd5\u89c4\uff0chttps:\/\/gpsmonacogroup.com\/ \u627f\u8bfa\u4fdd\u62a4\u6240\u6536\u96c6\u548c\u5904\u7406\u7684\u4e0e\u7528\u6237\u6709\u5173\u7684\u4e2a\u4eba\u6570\u636e\uff0c\u5e76\u544a\u77e5\u60a8\u7f51\u7ad9\u7528\u6237\u5bf9 cookies \u7684\u4f7f\u7528\u60c5\u51b5\u3002<\/p>\n\n<h2 class=\"fusion-responsive-typography-calculated wp-block-heading\" data-fontsize=\"17\" data-lineheight=\"23.969999px\">\u4ec0\u4e48\u662f\u4e2a\u4eba\u6570\u636e\uff1f<\/h2>\n\n<p>\u4e2a\u4eba\u6570\u636e \"\u662f\u6307\u60a8\u4f5c\u4e3a\u81ea\u7136\u4eba\u81ea\u613f\u63d0\u4f9b\u7684\u6216\u6211\u4eec\u5728\u60a8\u6d4f\u89c8\u8fc7\u7a0b\u4e2d\u6536\u96c6\u7684\u3001\u53ef\u76f4\u63a5\u6216\u95f4\u63a5\u8bc6\u522b\u60a8\u8eab\u4efd\u7684\u4efb\u4f55\u4fe1\u606f\u3002<\/p>\n\n<h2 class=\"fusion-responsive-typography-calculated wp-block-heading\" data-fontsize=\"17\" data-lineheight=\"23.969999px\">\u8fd9\u4e9b\u4e2a\u4eba\u6570\u636e\u4fdd\u5b58\u5728\u4ec0\u4e48\u5a92\u4f53\u4e0a\uff0c\u4fdd\u5b58\u591a\u957f\u65f6\u95f4\uff1f<\/h2>\n\n<p>\u4e2a\u4eba\u6570\u636e\u7684\u7eb8\u8d28\u6216\u7535\u5b50\u4fdd\u5b58\u671f\u9650\u4e3a\u6536\u96c6\u76ee\u7684\u6240\u9700\u7684\u65f6\u95f4\u6216\u6cd5\u5b9a\u4fdd\u5b58\u671f\u9650\uff0c\u5373\u4ece\u6700\u540e\u4e00\u6b21\u4e0e\u4e2a\u4eba\u8054\u7cfb\u8d77\u7684 3 \u5e74\u5185\u3002\u00a0<a href=\"https:\/\/www.cnil.fr\/fr\/limiter-la-conservation-des-donnees\">CNIL \u5efa\u8bae<\/a>\u00a0\u4f8b\u5982\uff0c\"\u5982\u679c\u6f5c\u5728\u5ba2\u6237\u5728 3 \u5e74\u5185\u672a\u5bf9\u4efb\u4f55\u9080\u7ea6\u4f5c\u51fa\u56de\u5e94\uff0c\u5219\u5e94\u5220\u9664\u5176\u8be6\u7ec6\u8054\u7cfb\u4fe1\u606f\"\u3002\u4e2a\u4eba\u6570\u636e\u7684\u4fdd\u5b58\u548c\u8bbf\u95ee\u4ec5\u9650\u4e8e\u5b9e\u73b0\u6536\u96c6\u76ee\u7684\u6240\u9700\u7684\u65f6\u95f4\u3002<\/p>\n\n<h2 class=\"fusion-responsive-typography-calculated wp-block-heading\" data-fontsize=\"17\" data-lineheight=\"23.969999px\">\u88abGPS\u6469\u7eb3\u54e5\u96c6\u56e2\u6536\u96c6\u6570\u636e\u7684\u4e2a\u4eba\u6709\u54ea\u4e9b\u6743\u5229\uff0c\u5982\u4f55\u884c\u4f7f\u8fd9\u4e9b\u6743\u5229\uff1f<\/h2>\n\n<p>Le<a href=\"https:\/\/www.cnil.fr\/fr\/comprendre-le-rgpd\">\u00a0\u6b27\u6d32\u6570\u636e\u4fdd\u62a4\u6761\u4f8b\u300b\uff08RGPD\uff09<\/a>\u00a0\u548c\u4fee\u8ba2\u540e\u7684\u300a\u6570\u636e\u4fdd\u62a4\u6cd5\u300b\uff08Loi Informatique et Libert\u00e9s\uff09\u8d4b\u4e88\u4e2a\u4eba\u5bf9\u5176\u6570\u636e\u7684\u67d0\u4e9b\u6743\u5229\u3002<\/p>\n<p>\u5bf9\u4e8e\u6d89\u53ca\u4e2a\u4eba\u7684\u4efb\u4f55\u4e2a\u4eba\u6570\u636e\u5904\u7406\uff0c\u4e2a\u4eba\u53ef\u884c\u4f7f\u4ee5\u4e0b\u6743\u5229\uff1a<\/p>\n<ul>\n<li>\u8bbf\u95ee\u6743\uff1a\u6bcf\u4e2a\u4eba\u90fd\u6709\u6743\u83b7\u5f97GPS\u6469\u7eb3\u54e5\u96c6\u56e2\u6301\u6709\u548c\u5904\u7406\u7684\u6709\u5173\u4e2a\u4eba\u8d44\u6599\u7684\u526f\u672c\uff1b<\/li>\n<li>\u4fee\u6539\u6743\uff1a\u6bcf\u4e2a\u4eba\u90fd\u6709\u6743\u4fee\u6539GPS\u6469\u7eb3\u54e5\u96c6\u56e2\u6240\u6301\u6709\u7684\u5173\u4e8e\u4ed6\u4eec\u7684\u4e0d\u6b63\u786e\u7684\u4e2a\u4eba\u8d44\u6599\uff1b<\/li>\n<li>\u63d0\u51fa\u7533\u8bc9\u7684\u6743\u5229\u00a0<a href=\"https:\/\/www.cnil.fr\/fr\/plaintes\">\u5411 CNIL \u6295\u8bc9<\/a>\u00a0\u9690\u79c1\uff1a\u5982\u679c\u5bf9GPS\u6469\u7eb3\u54e5\u96c6\u56e2\u5904\u7406\u4e2a\u4eba\u8d44\u6599\u7684\u65b9\u5f0f\u6709\u4efb\u4f55\u7591\u95ee\uff0c\u6bcf\u4e2a\u4eba\u90fd\u6709\u6743\u5411CNIL\u6295\u8bc9\u3002<\/li>\n<\/ul>\n\n<h2 class=\"fusion-responsive-typography-calculated wp-block-heading\" data-fontsize=\"17\" data-lineheight=\"23.969999px\">\u4e3a\u4ec0\u4e48\u8981\u5904\u7406\u8fd9\u4e9b\u4e2a\u4eba\u6570\u636e\uff1f<\/h2>\n\n<p>\u6211\u4eec\u5904\u7406\u7528\u6237\u4e2a\u4eba\u6570\u636e\u7684\u76ee\u7684\u5982\u4e0b\uff1a<\/p>\n<ul>\n<li>\u56de\u5e94\u901a\u8fc7<u>\u00a0\u8054\u7cfb\u8868<\/u>.<\/li>\n<li>\u8bbf\u95ee Dealpulse \u5e73\u53f0<\/li>\n<li>\u901a\u8fc7 Outlook \u56de\u7b54\u95ee\u9898<\/li>\n<\/ul>\n\n<h2 class=\"fusion-responsive-typography-calculated wp-block-heading\" data-fontsize=\"17\" data-lineheight=\"23.969999px\">GPS\u6469\u7eb3\u54e5\u96c6\u56e2\u5904\u7406\u4e2a\u4eba\u6570\u636e\u7684\u6cd5\u5f8b\u4f9d\u636e\u662f\u4ec0\u4e48\uff1f<\/h2>\n\n<p>\u6211\u4eec\u5904\u7406\u4e2a\u4eba\u6570\u636e\u7684\u4f9d\u636e\u662f \uff1a<\/p>\n<ul>\n<li>\u4e3a\u5c65\u884c\u6570\u636e\u5f53\u4e8b\u4eba\u4f5c\u4e3a\u4e00\u65b9\u7684\u5408\u540c\u6216\u5e94\u6570\u636e\u5f53\u4e8b\u4eba\u8981\u6c42\u91c7\u53d6\u7684\u5408\u540c\u524d\u63aa\u65bd\u800c\u5fc5\u987b\u8fdb\u884c\u7684\u5904\u7406\u3002<\/li>\n<li>\u4e3a\u4e86GPS\u6469\u7eb3\u54e5\u96c6\u56e2\u7684\u5408\u6cd5\u5229\u76ca\uff0c\u6709\u5fc5\u8981\u8fdb\u884c\u5904\u7406\u3002<\/li>\n<li>\u4e8b\u5148\u5f81\u5f97\u4e2a\u4eba\u540c\u610f\uff0c\u4ee5\u7535\u5b50\u65b9\u5f0f\u5bf9\u5176\u8bf7\u6c42\u505a\u51fa\u7b54\u590d\u3002<\/li>\n<li>\u521b\u5efa\u5728\u7ebf\u6570\u5b57\u54a8\u8be2\u5e73\u53f0\u7684\u79c1\u4eba\u8bbf\u95ee\u6743\u9650\u3002<\/li>\n<\/ul>\n\n<h2 class=\"fusion-responsive-typography-calculated wp-block-heading\" data-fontsize=\"17\" data-lineheight=\"23.969999px\">\u8fd9\u4e9b\u4e2a\u4eba\u6570\u636e\u4e0e\u8c01\u5171\u4eab\uff1f<\/h2>\n\n<p>\u53ea\u6709 Patrick Bogaerts \u53ca\u5176\u9500\u552e\u548c\u8425\u9500\u56e2\u961f\u624d\u80fd\u8bbf\u95ee\u4e2a\u4eba\u6570\u636e\u3002<\/p>\n<p>\u4ed6\u4eec\u4e86\u89e3\u6570\u636e\u4fdd\u62a4\u95ee\u9898\u5e76\u63a5\u53d7\u76f8\u5173\u57f9\u8bad\u3002<\/p>\n<ul>\n<li>\u5206\u5305\u5546<\/li>\n<\/ul>\n<p>\u6211\u4eec\u5c06\u4e2a\u4eba\u6570\u636e\u4ea4\u7531\u7b26\u5408\u73b0\u884c\u6cd5\u5f8b\u89c4\u5b9a\u7684\u6570\u636e\u4e3b\u673a\u6258\u7ba1\uff0c\u5e76\u4e0e\u4ee3\u8868\u6211\u4eec\u884c\u4e8b\u7684\u5206\u5305\u5546\u5171\u4eab\u8fd9\u4e9b\u6570\u636e\u3002<\/p>\n<p>\u4f46\u662f\uff0c\u5982\u679c\u5904\u7406\u8005\u53ef\u4ee5\u8bbf\u95ee\u4e2a\u4eba\u6570\u636e\uff0c\u4ed6\u4eec\u5c06\u9075\u5b88\u6709\u5173\u4fdd\u62a4\u4e2a\u4eba\u6570\u636e\u7684\u73b0\u884c\u6cd5\u5f8b\u548c\u672c\u4fe1\u606f\u901a\u77e5\u3002<\/p>\n<ul>\n<li>\u6cd5\u5f8b\u4e49\u52a1<\/li>\n<\/ul>\n<p><br \/>\u672a\u7ecf\u5f53\u4e8b\u4eba\u4e8b\u5148\u6388\u6743\uff0c\u4e0d\u4f1a\u5411\u7b2c\u4e09\u65b9\u62ab\u9732\u8fd9\u4e9b\u4e2a\u4eba\u6570\u636e\uff0c\u9664\u975e\u6cd5\u5f8b\u6216\u653f\u5e9c\u673a\u6784\uff08\u5982\u56fd\u5bb6\u4fe1\u606f\u4e0e\u81ea\u7531\u59d4\u5458\u4f1a\uff08CNIL\uff09\u6216\u4e3b\u7ba1\u6cd5\u5f8b\u673a\u6784\uff09\u6709\u7279\u6b8a\u8981\u6c42\u3002<\/p>\n\n<h2 class=\"fusion-responsive-typography-calculated wp-block-heading\" data-fontsize=\"17\" data-lineheight=\"23.969999px\">COOKIES \u7ba1\u7406\u653f\u7b56<\/h2>\n\n<p class=\"fusion-responsive-typography-calculated\" data-fontsize=\"17\" data-lineheight=\"23.969999px\"><strong>\u4ec0\u4e48\u662f cookie\uff1f<\/strong><\/p>\n\n<p>\u60a8\u7684\u4e92\u8054\u7f51\u6d4f\u89c8\u5668\u6709\u4e00\u4e2a\u540d\u4e3a \"cookie \"\u7684\u529f\u80fd\u3002Cookie \u76f8\u5f53\u4e8e\u5b58\u50a8\u5728\u60a8\u7ec8\u7aef\u4e0a\u7684\u4e00\u4e2a\u5c0f\u6587\u672c\u6587\u4ef6\u3002\u5728 Cookie \u7684\u6709\u6548\u671f\u5185\uff0c\u5f53\u6d4f\u89c8\u5668\u8bbf\u95ee\u7f51\u7ad9\u7684\u4e0d\u540c\u9875\u9762\u6216\u65e5\u540e\u518d\u6b21\u8bbf\u95ee\u7f51\u7ad9\u65f6\uff0c\u5b83\u7528\u4e8e\u5b58\u50a8\u72b6\u6001\u4fe1\u606f\u3002<br \/><br \/><\/p>\n<p class=\"fusion-responsive-typography-calculated\" data-fontsize=\"17\" data-lineheight=\"23.969999px\"><strong>\u6211\u4eec\u5982\u4f55\u4f7f\u7528 cookie\uff1f<\/strong><\/p>\n<p>\u5f53\u60a8\u8bbf\u95ee\u6211\u4eec\u7684\u7f51\u7ad9\u65f6\uff0c\u6211\u4eec\u53ef\u80fd\u4f1a\u4e5f\u53ef\u80fd\u4e0d\u4f1a\u5728\u60a8\u7684\u8ba1\u7b97\u673a\u786c\u76d8\u4e0a\u5b89\u88c5 Cookie\uff0c\u8fd9\u53d6\u51b3\u4e8e\u60a8\u9009\u62e9\u7684\u6d4f\u89c8\u5668\u8bbe\u7f6e\u3002\u6211\u4eec\u53ef\u80fd\u4f1a\u5728\u6bcf\u4e2a cookie \u7684\u6709\u6548\u671f\u5185\uff08\u6700\u957f 13 \u4e2a\u6708\uff1a\u6709\u6548\u671f\u7ed3\u675f\u65f6\uff0c\u9700\u8981\u518d\u6b21\u5f81\u5f97\u540c\u610f\uff09\u6216\u5728\u60a8\u5220\u9664 cookie \u4e4b\u524d\u8bfb\u53d6\u6211\u4eec\u5b89\u88c5\u7684 cookie\u3002<\/p>\n<p>\u6211\u4eec\u5728\u7f51\u7ad9\u4e0a\u4f7f\u7528 cookie \u7684\u76ee\u7684\u5982\u4e0b\uff1a<\/p>\n<ul>\n<li>\u529f\u80fd\u6027\u548c\u6280\u672f\u6027 cookie\uff1a\u65b9\u4fbf\u60a8\u6d4f\u89c8\u5e76\u4f7f\u6211\u4eec\u7684\u7f51\u9875\u6b63\u786e\u663e\u793a\uff08\u4f1a\u8bdd cookie\uff09\u3001<\/li>\n<li>\u7edf\u8ba1 cookie\uff1a\u6839\u636e\u60a8\u7684\u533f\u540d\u6d4f\u89c8\u4fe1\u606f\uff08\u5982\u6d4f\u89c8\u7684\u9875\u9762\u3001\u8bbf\u95ee\u6b21\u6570\u7b49\uff09\u5206\u6790\u6211\u4eec\u7f51\u7ad9\u7684\u6027\u80fd\u3002\u4e3a\u6b64\uff0c\u6211\u4eec\u4f7f\u7528 \"\u8c37\u6b4c\u5206\u6790 \"\u5206\u6790\u5de5\u5177\u3002<\/li>\n<\/ul>\n<p>\u8fd9\u4e9b cookie \u4f7f\u6211\u4eec\u80fd\u591f\u901a\u8fc7\u5206\u6790\u533f\u540d\u7edf\u8ba1\u6570\u636e\u6765\u6539\u8fdb\u6211\u4eec\u7684\u7f51\u7ad9\u548c\u4ea7\u54c1\u3002<\/p>\n<p>\u8bf7\u6ce8\u610f\u6211\u4eec\u4f7f\u7528\u7684 cookie \u65e0\u6cd5\u8bc6\u522b\u60a8\u7684\u4e2a\u4eba\u8eab\u4efd\u3002<br \/><br \/><strong>\u6211\u53ef\u4ee5\u62d2\u7edd\u63a5\u53d7 cookie \u5417\uff1f<br \/><br \/><\/strong>\u60a8\u53ef\u4ee5\u901a\u8fc7\u70b9\u51fb\u4ee5\u4e0b\u94fe\u63a5\u6216\u6839\u636e\u5177\u4f53\u60c5\u51b5\u8c03\u6574\u6d4f\u89c8\u5668\u8bbe\u7f6e\u6765\u963b\u6b62\u8fd9\u4e9b cookie \u7684\u5b58\u50a8\u3002<\/p>\n<p>\u4f46\u8bf7\u6ce8\u610f\uff0c\u5982\u679c\u60a8\u9009\u62e9\u62d2\u7edd\u6240\u6709\u7c7b\u578b\u7684 cookie\uff0c\u5219\u53ef\u80fd\u65e0\u6cd5\u4f7f\u7528\u672c\u7f51\u7ad9\u7684\u67d0\u4e9b\u529f\u80fd\u3002<\/p>\n<p>\u60a8\u4e5f\u53ef\u4ee5\u901a\u8fc7\u5728\u4ee5\u4e0b\u5730\u5740\u5b89\u88c5\u8c37\u6b4c\u63d0\u4f9b\u7684\u9644\u52a0\u6a21\u5757\u6765\u505c\u7528\u4f7f\u7528\u8c37\u6b4c\u5206\u6790\u65f6\u653e\u7f6e\u7684 cookie\uff1a\u00a0<a href=\"https:\/\/tools.google.com\/dlpage\/gaoptout?hl=fr\">https:\/\/tools.google.com\/dlpage\/gaoptout?hl=fr<\/a><\/p>\n<p>\u6709\u5173 cookie \u7684\u66f4\u591a\u4fe1\u606f\uff0c\u60a8\u8fd8\u53ef\u4ee5\u8bbf\u95ee\u00a0<a href=\"https:\/\/www.cnil.fr\/fr\/cookies-traceurs-que-dit-la-loi\">CNIL<\/a>.<\/p>\t\t\t\t\t\t\t\t<\/div>\n\t\t\t\t<\/div>\n\t\t\t\t\t<\/div>\n\t\t\t\t<\/div>\n\t\t\t\t<\/div>","protected":false},"excerpt":{"rendered":"<p>Conform\u00e9ment aux dispositions des articles 6-III et 19 de la Loi n\u00b0 2004-575 du 21 juin 2004 pour la Confiance dans l\u2019\u00e9conomie num\u00e9rique, dite L.C.E.N., nous portons \u00e0 la connaissance des utilisateurs et visiteurs du site : https:\/\/gpsmonacogroup.com\/ les informations suivantes : Respect des donn\u00e9es \u00e0 caract\u00e8re personnel Conform\u00e9ment \u00e0 la r\u00e9glementation en vigueur, https:\/\/gpsmonacogroup.com\/\u00a0s\u2019engage [&hellip;]<\/p>\n","protected":false},"author":1,"featured_media":0,"parent":0,"menu_order":0,"comment_status":"closed","ping_status":"open","template":"","meta":{"_acf_changed":false,"inline_featured_image":false,"footnotes":""},"class_list":["post-3","page","type-page","status-publish","hentry"],"acf":[],"yoast_head":"<!-- This site is optimized with the Yoast SEO plugin v27.0 - https:\/\/yoast.com\/product\/yoast-seo-wordpress\/ -->\n<title>Politique de confidentialit\u00e9 - GPS Monaco Group<\/title>\n<meta name=\"robots\" content=\"index, follow, max-snippet:-1, max-image-preview:large, max-video-preview:-1\" \/>\n<link rel=\"canonical\" href=\"https:\/\/gpsmonacogroup.com\/zh\/politique-de-confidentialite\/\" \/>\n<meta property=\"og:locale\" content=\"zh_CN\" \/>\n<meta property=\"og:type\" content=\"article\" \/>\n<meta property=\"og:title\" content=\"Politique de confidentialit\u00e9 - GPS Monaco Group\" \/>\n<meta property=\"og:description\" content=\"Conform\u00e9ment aux dispositions des articles 6-III et 19 de la Loi n\u00b0 2004-575 du 21 juin 2004 pour la Confiance dans l\u2019\u00e9conomie num\u00e9rique, dite L.C.E.N., nous portons \u00e0 la connaissance des utilisateurs et visiteurs du site : https:\/\/gpsmonacogroup.com\/ les informations suivantes : Respect des donn\u00e9es \u00e0 caract\u00e8re personnel Conform\u00e9ment \u00e0 la r\u00e9glementation en vigueur, https:\/\/gpsmonacogroup.com\/\u00a0s\u2019engage [&hellip;]\" \/>\n<meta property=\"og:url\" content=\"https:\/\/gpsmonacogroup.com\/zh\/politique-de-confidentialite\/\" \/>\n<meta property=\"og:site_name\" content=\"GPS Monaco Group\" \/>\n<meta property=\"article:modified_time\" content=\"2025-02-21T10:37:43+00:00\" \/>\n<meta name=\"twitter:card\" content=\"summary_large_image\" \/>\n<meta name=\"twitter:label1\" content=\"\u9884\u8ba1\u9605\u8bfb\u65f6\u95f4\" \/>\n\t<meta name=\"twitter:data1\" content=\"6 \u5206\" \/>\n<script type=\"application\/ld+json\" class=\"yoast-schema-graph\">{\"@context\":\"https:\/\/schema.org\",\"@graph\":[{\"@type\":\"WebPage\",\"@id\":\"https:\/\/gpsmonacogroup.com\/politique-de-confidentialite\/\",\"url\":\"https:\/\/gpsmonacogroup.com\/politique-de-confidentialite\/\",\"name\":\"Politique de confidentialit\u00e9 - GPS Monaco Group\",\"isPartOf\":{\"@id\":\"https:\/\/gpsmonacogroup.com\/it\/#website\"},\"datePublished\":\"2024-08-27T12:07:40+00:00\",\"dateModified\":\"2025-02-21T10:37:43+00:00\",\"breadcrumb\":{\"@id\":\"https:\/\/gpsmonacogroup.com\/politique-de-confidentialite\/#breadcrumb\"},\"inLanguage\":\"zh-Hans\",\"potentialAction\":[{\"@type\":\"ReadAction\",\"target\":[\"https:\/\/gpsmonacogroup.com\/politique-de-confidentialite\/\"]}]},{\"@type\":\"BreadcrumbList\",\"@id\":\"https:\/\/gpsmonacogroup.com\/politique-de-confidentialite\/#breadcrumb\",\"itemListElement\":[{\"@type\":\"ListItem\",\"position\":1,\"name\":\"Accueil\",\"item\":\"https:\/\/gpsmonacogroup.com\/\"},{\"@type\":\"ListItem\",\"position\":2,\"name\":\"Politique de confidentialit\u00e9\"}]},{\"@type\":\"WebSite\",\"@id\":\"https:\/\/gpsmonacogroup.com\/it\/#website\",\"url\":\"https:\/\/gpsmonacogroup.com\/it\/\",\"name\":\"GPS Monaco Group\",\"description\":\"\",\"publisher\":{\"@id\":\"https:\/\/gpsmonacogroup.com\/it\/#organization\"},\"potentialAction\":[{\"@type\":\"SearchAction\",\"target\":{\"@type\":\"EntryPoint\",\"urlTemplate\":\"https:\/\/gpsmonacogroup.com\/it\/?s={search_term_string}\"},\"query-input\":{\"@type\":\"PropertyValueSpecification\",\"valueRequired\":true,\"valueName\":\"search_term_string\"}}],\"inLanguage\":\"zh-Hans\"},{\"@type\":\"Organization\",\"@id\":\"https:\/\/gpsmonacogroup.com\/it\/#organization\",\"name\":\"GPS Monaco Group\",\"url\":\"https:\/\/gpsmonacogroup.com\/it\/\",\"logo\":{\"@type\":\"ImageObject\",\"inLanguage\":\"zh-Hans\",\"@id\":\"https:\/\/gpsmonacogroup.com\/it\/#\/schema\/logo\/image\/\",\"url\":\"https:\/\/gpsmonacogroup.com\/wp-content\/uploads\/2024\/08\/logo-GPS-blanc.webp\",\"contentUrl\":\"https:\/\/gpsmonacogroup.com\/wp-content\/uploads\/2024\/08\/logo-GPS-blanc.webp\",\"width\":211,\"height\":125,\"caption\":\"GPS Monaco Group\"},\"image\":{\"@id\":\"https:\/\/gpsmonacogroup.com\/it\/#\/schema\/logo\/image\/\"}}]}<\/script>\n<!-- \/ Yoast SEO plugin. -->","yoast_head_json":{"title":"Politique de confidentialit\u00e9 - GPS Monaco Group","robots":{"index":"index","follow":"follow","max-snippet":"max-snippet:-1","max-image-preview":"max-image-preview:large","max-video-preview":"max-video-preview:-1"},"canonical":"https:\/\/gpsmonacogroup.com\/zh\/politique-de-confidentialite\/","og_locale":"zh_CN","og_type":"article","og_title":"Politique de confidentialit\u00e9 - GPS Monaco Group","og_description":"Conform\u00e9ment aux dispositions des articles 6-III et 19 de la Loi n\u00b0 2004-575 du 21 juin 2004 pour la Confiance dans l\u2019\u00e9conomie num\u00e9rique, dite L.C.E.N., nous portons \u00e0 la connaissance des utilisateurs et visiteurs du site : https:\/\/gpsmonacogroup.com\/ les informations suivantes : Respect des donn\u00e9es \u00e0 caract\u00e8re personnel Conform\u00e9ment \u00e0 la r\u00e9glementation en vigueur, https:\/\/gpsmonacogroup.com\/\u00a0s\u2019engage [&hellip;]","og_url":"https:\/\/gpsmonacogroup.com\/zh\/politique-de-confidentialite\/","og_site_name":"GPS Monaco Group","article_modified_time":"2025-02-21T10:37:43+00:00","twitter_card":"summary_large_image","twitter_misc":{"\u9884\u8ba1\u9605\u8bfb\u65f6\u95f4":"6 \u5206"},"schema":{"@context":"https:\/\/schema.org","@graph":[{"@type":"WebPage","@id":"https:\/\/gpsmonacogroup.com\/politique-de-confidentialite\/","url":"https:\/\/gpsmonacogroup.com\/politique-de-confidentialite\/","name":"Politique de confidentialit\u00e9 - GPS Monaco Group","isPartOf":{"@id":"https:\/\/gpsmonacogroup.com\/it\/#website"},"datePublished":"2024-08-27T12:07:40+00:00","dateModified":"2025-02-21T10:37:43+00:00","breadcrumb":{"@id":"https:\/\/gpsmonacogroup.com\/politique-de-confidentialite\/#breadcrumb"},"inLanguage":"zh-Hans","potentialAction":[{"@type":"ReadAction","target":["https:\/\/gpsmonacogroup.com\/politique-de-confidentialite\/"]}]},{"@type":"BreadcrumbList","@id":"https:\/\/gpsmonacogroup.com\/politique-de-confidentialite\/#breadcrumb","itemListElement":[{"@type":"ListItem","position":1,"name":"Accueil","item":"https:\/\/gpsmonacogroup.com\/"},{"@type":"ListItem","position":2,"name":"Politique de confidentialit\u00e9"}]},{"@type":"WebSite","@id":"https:\/\/gpsmonacogroup.com\/it\/#website","url":"https:\/\/gpsmonacogroup.com\/it\/","name":"\u6469\u7eb3\u54e5\u5168\u7403\u5b9a\u4f4d\u7cfb\u7edf\u96c6\u56e2","description":"","publisher":{"@id":"https:\/\/gpsmonacogroup.com\/it\/#organization"},"potentialAction":[{"@type":"SearchAction","target":{"@type":"EntryPoint","urlTemplate":"https:\/\/gpsmonacogroup.com\/it\/?s={search_term_string}"},"query-input":{"@type":"PropertyValueSpecification","valueRequired":true,"valueName":"search_term_string"}}],"inLanguage":"zh-Hans"},{"@type":"Organization","@id":"https:\/\/gpsmonacogroup.com\/it\/#organization","name":"\u6469\u7eb3\u54e5\u5168\u7403\u5b9a\u4f4d\u7cfb\u7edf\u96c6\u56e2","url":"https:\/\/gpsmonacogroup.com\/it\/","logo":{"@type":"ImageObject","inLanguage":"zh-Hans","@id":"https:\/\/gpsmonacogroup.com\/it\/#\/schema\/logo\/image\/","url":"https:\/\/gpsmonacogroup.com\/wp-content\/uploads\/2024\/08\/logo-GPS-blanc.webp","contentUrl":"https:\/\/gpsmonacogroup.com\/wp-content\/uploads\/2024\/08\/logo-GPS-blanc.webp","width":211,"height":125,"caption":"GPS Monaco Group"},"image":{"@id":"https:\/\/gpsmonacogroup.com\/it\/#\/schema\/logo\/image\/"}}]}},"_links":{"self":[{"href":"https:\/\/gpsmonacogroup.com\/zh\/wp-json\/wp\/v2\/pages\/3","targetHints":{"allow":["GET"]}}],"collection":[{"href":"https:\/\/gpsmonacogroup.com\/zh\/wp-json\/wp\/v2\/pages"}],"about":[{"href":"https:\/\/gpsmonacogroup.com\/zh\/wp-json\/wp\/v2\/types\/page"}],"author":[{"embeddable":true,"href":"https:\/\/gpsmonacogroup.com\/zh\/wp-json\/wp\/v2\/users\/1"}],"replies":[{"embeddable":true,"href":"https:\/\/gpsmonacogroup.com\/zh\/wp-json\/wp\/v2\/comments?post=3"}],"version-history":[{"count":7,"href":"https:\/\/gpsmonacogroup.com\/zh\/wp-json\/wp\/v2\/pages\/3\/revisions"}],"predecessor-version":[{"id":6120,"href":"https:\/\/gpsmonacogroup.com\/zh\/wp-json\/wp\/v2\/pages\/3\/revisions\/6120"}],"wp:attachment":[{"href":"https:\/\/gpsmonacogroup.com\/zh\/wp-json\/wp\/v2\/media?parent=3"}],"curies":[{"name":"wp","href":"https:\/\/api.w.org\/{rel}","templated":true}]}}