{"id":6040,"date":"2024-11-08T14:29:50","date_gmt":"2024-11-08T13:29:50","guid":{"rendered":"https:\/\/gpsmonacogroup.com\/?page_id=6040"},"modified":"2025-02-21T11:37:19","modified_gmt":"2025-02-21T10:37:19","slug":"mentions-legales","status":"publish","type":"page","link":"https:\/\/gpsmonacogroup.com\/it\/mentions-legales\/","title":{"rendered":"Informazioni legali"},"content":{"rendered":"<div data-elementor-type=\"wp-page\" data-elementor-id=\"6040\" class=\"elementor elementor-6040\" data-elementor-post-type=\"page\">\n\t\t\t\t<div class=\"elementor-element elementor-element-41378db e-flex e-con-boxed e-con e-parent\" data-id=\"41378db\" data-element_type=\"container\" data-e-type=\"container\">\n\t\t\t\t\t<div class=\"e-con-inner\">\n\t\t\t\t<div class=\"elementor-element elementor-element-bb43f0c elementor-widget elementor-widget-heading\" data-id=\"bb43f0c\" data-element_type=\"widget\" data-e-type=\"widget\" data-widget_type=\"heading.default\">\n\t\t\t\t<div class=\"elementor-widget-container\">\n\t\t\t\t\t<h1 class=\"elementor-heading-title elementor-size-default\">Informazioni legali<\/h1>\t\t\t\t<\/div>\n\t\t\t\t<\/div>\n\t\t\t\t<div class=\"elementor-element elementor-element-64c09a88 elementor-widget elementor-widget-text-editor\" data-id=\"64c09a88\" data-element_type=\"widget\" data-e-type=\"widget\" data-widget_type=\"text-editor.default\">\n\t\t\t\t<div class=\"elementor-widget-container\">\n\t\t\t\t\t\t\t\t\t\n<h2 class=\"wp-block-heading\">Pubblicazione<\/h2>\n\n<p>Questo sito web \u00e8 di propriet\u00e0 di GPS Monaco Group SAM, societ\u00e0 con capitale sociale di 150.000 euro.\u00a0<\/p>\n<p>Soluzione di approvvigionamento globale GPS MONACO GROUP SAM<br \/><strong>Edificio Le Triton<br \/>5 Rue du Gabian - 5\u00b0 piano<br \/>98000 Monaco<\/strong><br \/><a href=\"http:\/\/www.gps-group.fr\/\">www.gpsmonacogroup.com<br \/><\/a><a href=\"mailto:contact@gpsmonacogroup.com\">contact@gpsmonacogroup.com<\/a><\/p>\n<p>NUMERO KBIS: 17S07563 \/ PARTITA IVA: FR39000132026<\/p>\n<p>Luogo di registrazione: Monaco<\/p>\n<p>Questo sito web \u00e8 stato creato dal dipartimento marketing del Gruppo GPS Monaco SAM, diretto da Marjorie BARIN, e sviluppato da Tack-Tack (<a href=\"https:\/\/www.tack-tack.fr\">https:\/\/www.tack-tack.fr<\/a>).<\/p>\n\n<h2 class=\"wp-block-heading\">Hosting del sito web<\/h2>\n\n<p>Questo sito \u00e8 ospitato da <strong>Amazon Web Services (AWS).<\/strong><\/p>\n<p>Amazon Web Services, Inc.<br \/>410 Terry Avenue North, Seattle, WA 98109-5210, Stati Uniti.<br \/>+1 206-266-1000<\/p>\n\n<p><strong>Diritti di propriet\u00e0 intellettuale<br \/><\/strong><strong><br \/><\/strong>Il Sito \u00e8 protetto da diritti di propriet\u00e0 intellettuale ed \u00e8 di propriet\u00e0 esclusiva di GPS Monaco Group SAM. Il design, la grafica, i contenuti e l'organizzazione di questo sito web sono opere originali e sono di propriet\u00e0 esclusiva di GPS Monaco Group SAM.<\/p>\n<p>Qualsiasi riproduzione o riproduzione totale o parziale senza il consenso dell'autore o dei suoi successori o aventi diritto \u00e8 illegale. Lo stesso vale per la traduzione, l'adattamento o l'adattamento con qualsiasi procedimento (Legge n. 57298 dell'11 marzo 1957).<\/p>\n<p><strong>Collegamenti ipertestuali a siti di terzi<br \/><\/strong><strong><br \/><\/strong>GPS Monaco Group SAM non ha alcun controllo sul contenuto dei siti di terzi. L'esistenza di un collegamento ipertestuale tra il sito web del Gruppo GPS Monaco SAM e un sito web di terzi non implica in alcun modo che il Gruppo GPS Monaco SAM abbia alcun controllo sul contenuto del sito web di terzi.<\/p>\n<p><strong>Esonero di responsabilit\u00e0<br \/><\/strong><strong><br \/><\/strong>\u00c8 responsabilit\u00e0 degli utenti di questo sito adottare tutte le misure appropriate per proteggere i propri dati e\/o software dalla contaminazione di eventuali virus in circolazione su Internet.<\/p>\n<p><strong>Modifica del sito<br \/><\/strong><strong><br \/><\/strong>GPS Monaco Group SAM si riserva il diritto di modificare o correggere il contenuto di questo sito e di questa nota legale in qualsiasi momento e senza preavviso.<\/p>\t\t\t\t\t\t\t\t<\/div>\n\t\t\t\t<\/div>\n\t\t\t\t\t<\/div>\n\t\t\t\t<\/div>\n\t\t\t\t<\/div>","protected":false},"excerpt":{"rendered":"<p>Publication Le pr\u00e9sent site est d\u00e9tenu par GPS Monaco Group SAM, entreprise au capital social de 150 000 euros.\u00a0 Global Procurement Solution GPS MONACO GROUP SAMB\u00e2timent Le Triton5 Rue du Gabian \u2013 5e \u00e9tage98000 Monacowww.gpsmonacogroup.comcontact@gpsmonacogroup.com N\u00b0 KBIS : 17S07563 \/ N\u00b0 TVA : FR39000132026 Lieu d&rsquo;enregistrement : Monaco Le pr\u00e9sent site a \u00e9t\u00e9 r\u00e9alis\u00e9 par [&hellip;]<\/p>\n","protected":false},"author":1,"featured_media":0,"parent":0,"menu_order":0,"comment_status":"closed","ping_status":"open","template":"","meta":{"_acf_changed":false,"inline_featured_image":false,"footnotes":""},"class_list":["post-6040","page","type-page","status-publish","hentry"],"acf":[],"yoast_head":"<!-- This site is optimized with the Yoast SEO plugin v27.0 - https:\/\/yoast.com\/product\/yoast-seo-wordpress\/ -->\n<title>Mentions l\u00e9gales - GPS Monaco Group<\/title>\n<meta name=\"robots\" content=\"index, follow, max-snippet:-1, max-image-preview:large, max-video-preview:-1\" \/>\n<link rel=\"canonical\" href=\"https:\/\/gpsmonacogroup.com\/it\/mentions-legales\/\" \/>\n<meta property=\"og:locale\" content=\"it_IT\" \/>\n<meta property=\"og:type\" content=\"article\" \/>\n<meta property=\"og:title\" content=\"Mentions l\u00e9gales - GPS Monaco Group\" \/>\n<meta property=\"og:description\" content=\"Publication Le pr\u00e9sent site est d\u00e9tenu par GPS Monaco Group SAM, entreprise au capital social de 150 000 euros.\u00a0 Global Procurement Solution GPS MONACO GROUP SAMB\u00e2timent Le Triton5 Rue du Gabian \u2013 5e \u00e9tage98000 Monacowww.gpsmonacogroup.comcontact@gpsmonacogroup.com N\u00b0 KBIS : 17S07563 \/ N\u00b0 TVA : FR39000132026 Lieu d&rsquo;enregistrement : Monaco Le pr\u00e9sent site a \u00e9t\u00e9 r\u00e9alis\u00e9 par [&hellip;]\" \/>\n<meta property=\"og:url\" content=\"https:\/\/gpsmonacogroup.com\/it\/mentions-legales\/\" \/>\n<meta property=\"og:site_name\" content=\"GPS Monaco Group\" \/>\n<meta property=\"article:modified_time\" content=\"2025-02-21T10:37:19+00:00\" \/>\n<meta name=\"twitter:card\" content=\"summary_large_image\" \/>\n<meta name=\"twitter:label1\" content=\"Tempo di lettura stimato\" \/>\n\t<meta name=\"twitter:data1\" content=\"2 minuti\" \/>\n<script type=\"application\/ld+json\" class=\"yoast-schema-graph\">{\"@context\":\"https:\/\/schema.org\",\"@graph\":[{\"@type\":\"WebPage\",\"@id\":\"https:\/\/gpsmonacogroup.com\/mentions-legales\/\",\"url\":\"https:\/\/gpsmonacogroup.com\/mentions-legales\/\",\"name\":\"Mentions l\u00e9gales - GPS Monaco Group\",\"isPartOf\":{\"@id\":\"https:\/\/gpsmonacogroup.com\/it\/#website\"},\"datePublished\":\"2024-11-08T13:29:50+00:00\",\"dateModified\":\"2025-02-21T10:37:19+00:00\",\"breadcrumb\":{\"@id\":\"https:\/\/gpsmonacogroup.com\/mentions-legales\/#breadcrumb\"},\"inLanguage\":\"it-IT\",\"potentialAction\":[{\"@type\":\"ReadAction\",\"target\":[\"https:\/\/gpsmonacogroup.com\/mentions-legales\/\"]}]},{\"@type\":\"BreadcrumbList\",\"@id\":\"https:\/\/gpsmonacogroup.com\/mentions-legales\/#breadcrumb\",\"itemListElement\":[{\"@type\":\"ListItem\",\"position\":1,\"name\":\"Accueil\",\"item\":\"https:\/\/gpsmonacogroup.com\/\"},{\"@type\":\"ListItem\",\"position\":2,\"name\":\"Mentions l\u00e9gales\"}]},{\"@type\":\"WebSite\",\"@id\":\"https:\/\/gpsmonacogroup.com\/it\/#website\",\"url\":\"https:\/\/gpsmonacogroup.com\/it\/\",\"name\":\"GPS Monaco Group\",\"description\":\"\",\"publisher\":{\"@id\":\"https:\/\/gpsmonacogroup.com\/it\/#organization\"},\"potentialAction\":[{\"@type\":\"SearchAction\",\"target\":{\"@type\":\"EntryPoint\",\"urlTemplate\":\"https:\/\/gpsmonacogroup.com\/it\/?s={search_term_string}\"},\"query-input\":{\"@type\":\"PropertyValueSpecification\",\"valueRequired\":true,\"valueName\":\"search_term_string\"}}],\"inLanguage\":\"it-IT\"},{\"@type\":\"Organization\",\"@id\":\"https:\/\/gpsmonacogroup.com\/it\/#organization\",\"name\":\"GPS Monaco Group\",\"url\":\"https:\/\/gpsmonacogroup.com\/it\/\",\"logo\":{\"@type\":\"ImageObject\",\"inLanguage\":\"it-IT\",\"@id\":\"https:\/\/gpsmonacogroup.com\/it\/#\/schema\/logo\/image\/\",\"url\":\"https:\/\/gpsmonacogroup.com\/wp-content\/uploads\/2024\/08\/logo-GPS-blanc.webp\",\"contentUrl\":\"https:\/\/gpsmonacogroup.com\/wp-content\/uploads\/2024\/08\/logo-GPS-blanc.webp\",\"width\":211,\"height\":125,\"caption\":\"GPS Monaco Group\"},\"image\":{\"@id\":\"https:\/\/gpsmonacogroup.com\/it\/#\/schema\/logo\/image\/\"}}]}<\/script>\n<!-- \/ Yoast SEO plugin. -->","yoast_head_json":{"title":"Mentions l\u00e9gales - GPS Monaco Group","robots":{"index":"index","follow":"follow","max-snippet":"max-snippet:-1","max-image-preview":"max-image-preview:large","max-video-preview":"max-video-preview:-1"},"canonical":"https:\/\/gpsmonacogroup.com\/it\/mentions-legales\/","og_locale":"it_IT","og_type":"article","og_title":"Mentions l\u00e9gales - GPS Monaco Group","og_description":"Publication Le pr\u00e9sent site est d\u00e9tenu par GPS Monaco Group SAM, entreprise au capital social de 150 000 euros.\u00a0 Global Procurement Solution GPS MONACO GROUP SAMB\u00e2timent Le Triton5 Rue du Gabian \u2013 5e \u00e9tage98000 Monacowww.gpsmonacogroup.comcontact@gpsmonacogroup.com N\u00b0 KBIS : 17S07563 \/ N\u00b0 TVA : FR39000132026 Lieu d&rsquo;enregistrement : Monaco Le pr\u00e9sent site a \u00e9t\u00e9 r\u00e9alis\u00e9 par [&hellip;]","og_url":"https:\/\/gpsmonacogroup.com\/it\/mentions-legales\/","og_site_name":"GPS Monaco Group","article_modified_time":"2025-02-21T10:37:19+00:00","twitter_card":"summary_large_image","twitter_misc":{"Tempo di lettura stimato":"2 minuti"},"schema":{"@context":"https:\/\/schema.org","@graph":[{"@type":"WebPage","@id":"https:\/\/gpsmonacogroup.com\/mentions-legales\/","url":"https:\/\/gpsmonacogroup.com\/mentions-legales\/","name":"Mentions l\u00e9gales - GPS Monaco Group","isPartOf":{"@id":"https:\/\/gpsmonacogroup.com\/it\/#website"},"datePublished":"2024-11-08T13:29:50+00:00","dateModified":"2025-02-21T10:37:19+00:00","breadcrumb":{"@id":"https:\/\/gpsmonacogroup.com\/mentions-legales\/#breadcrumb"},"inLanguage":"it-IT","potentialAction":[{"@type":"ReadAction","target":["https:\/\/gpsmonacogroup.com\/mentions-legales\/"]}]},{"@type":"BreadcrumbList","@id":"https:\/\/gpsmonacogroup.com\/mentions-legales\/#breadcrumb","itemListElement":[{"@type":"ListItem","position":1,"name":"Accueil","item":"https:\/\/gpsmonacogroup.com\/"},{"@type":"ListItem","position":2,"name":"Mentions l\u00e9gales"}]},{"@type":"WebSite","@id":"https:\/\/gpsmonacogroup.com\/it\/#website","url":"https:\/\/gpsmonacogroup.com\/it\/","name":"Gruppo GPS Monaco","description":"","publisher":{"@id":"https:\/\/gpsmonacogroup.com\/it\/#organization"},"potentialAction":[{"@type":"SearchAction","target":{"@type":"EntryPoint","urlTemplate":"https:\/\/gpsmonacogroup.com\/it\/?s={search_term_string}"},"query-input":{"@type":"PropertyValueSpecification","valueRequired":true,"valueName":"search_term_string"}}],"inLanguage":"it-IT"},{"@type":"Organization","@id":"https:\/\/gpsmonacogroup.com\/it\/#organization","name":"Gruppo GPS Monaco","url":"https:\/\/gpsmonacogroup.com\/it\/","logo":{"@type":"ImageObject","inLanguage":"it-IT","@id":"https:\/\/gpsmonacogroup.com\/it\/#\/schema\/logo\/image\/","url":"https:\/\/gpsmonacogroup.com\/wp-content\/uploads\/2024\/08\/logo-GPS-blanc.webp","contentUrl":"https:\/\/gpsmonacogroup.com\/wp-content\/uploads\/2024\/08\/logo-GPS-blanc.webp","width":211,"height":125,"caption":"GPS Monaco Group"},"image":{"@id":"https:\/\/gpsmonacogroup.com\/it\/#\/schema\/logo\/image\/"}}]}},"_links":{"self":[{"href":"https:\/\/gpsmonacogroup.com\/it\/wp-json\/wp\/v2\/pages\/6040","targetHints":{"allow":["GET"]}}],"collection":[{"href":"https:\/\/gpsmonacogroup.com\/it\/wp-json\/wp\/v2\/pages"}],"about":[{"href":"https:\/\/gpsmonacogroup.com\/it\/wp-json\/wp\/v2\/types\/page"}],"author":[{"embeddable":true,"href":"https:\/\/gpsmonacogroup.com\/it\/wp-json\/wp\/v2\/users\/1"}],"replies":[{"embeddable":true,"href":"https:\/\/gpsmonacogroup.com\/it\/wp-json\/wp\/v2\/comments?post=6040"}],"version-history":[{"count":28,"href":"https:\/\/gpsmonacogroup.com\/it\/wp-json\/wp\/v2\/pages\/6040\/revisions"}],"predecessor-version":[{"id":6306,"href":"https:\/\/gpsmonacogroup.com\/it\/wp-json\/wp\/v2\/pages\/6040\/revisions\/6306"}],"wp:attachment":[{"href":"https:\/\/gpsmonacogroup.com\/it\/wp-json\/wp\/v2\/media?parent=6040"}],"curies":[{"name":"wp","href":"https:\/\/api.w.org\/{rel}","templated":true}]}}