{"id":3,"date":"2024-08-27T14:07:40","date_gmt":"2024-08-27T12:07:40","guid":{"rendered":"http:\/\/gpsmonaco.test\/?page_id=3"},"modified":"2025-02-21T11:37:43","modified_gmt":"2025-02-21T10:37:43","slug":"politique-de-confidentialite","status":"publish","type":"page","link":"https:\/\/gpsmonacogroup.com\/it\/politique-de-confidentialite\/","title":{"rendered":"Informativa sulla privacy"},"content":{"rendered":"<div data-elementor-type=\"wp-page\" data-elementor-id=\"3\" class=\"elementor elementor-3\" data-elementor-post-type=\"page\">\n\t\t\t\t<div class=\"elementor-element elementor-element-41378db e-flex e-con-boxed e-con e-parent\" data-id=\"41378db\" data-element_type=\"container\" data-e-type=\"container\">\n\t\t\t\t\t<div class=\"e-con-inner\">\n\t\t\t\t<div class=\"elementor-element elementor-element-bb43f0c elementor-widget elementor-widget-heading\" data-id=\"bb43f0c\" data-element_type=\"widget\" data-e-type=\"widget\" data-widget_type=\"heading.default\">\n\t\t\t\t<div class=\"elementor-widget-container\">\n\t\t\t\t\t<h1 class=\"elementor-heading-title elementor-size-default\">Informativa sulla privacy<\/h1>\t\t\t\t<\/div>\n\t\t\t\t<\/div>\n\t\t\t\t<div class=\"elementor-element elementor-element-64c09a88 elementor-widget elementor-widget-text-editor\" data-id=\"64c09a88\" data-element_type=\"widget\" data-e-type=\"widget\" data-widget_type=\"text-editor.default\">\n\t\t\t\t<div class=\"elementor-widget-container\">\n\t\t\t\t\t\t\t\t\t\n<p class=\"fusion-responsive-typography-calculated\" data-fontsize=\"18\" data-lineheight=\"30.059999px\">In conformit\u00e0 alle disposizioni degli articoli 6-III e 19 della legge n. 2004-575 del 21 giugno 2004 sulla fiducia nell'economia digitale, nota come L.C.E.N., informiamo gli utenti e i visitatori del sito https:\/\/gpsmonacogroup.com\/ delle seguenti informazioni:<\/p>\n\n<h2 class=\"wp-block-heading\">Rispetto dei dati personali<\/h2>\n\n<p>In conformit\u00e0 alla normativa vigente, https:\/\/gpsmonacogroup.com\/ si impegna a proteggere i dati personali raccolti e trattati relativi ai propri utenti e a informare l'utente sull'utilizzo dei cookie da parte degli utenti del proprio sito.<\/p>\n\n<h2 class=\"fusion-responsive-typography-calculated wp-block-heading\" data-fontsize=\"17\" data-lineheight=\"23.969999px\">Cosa sono i dati personali?<\/h2>\n\n<p>Per \"dati personali\" si intendono tutte le informazioni su di voi come persona fisica che ci fornite volontariamente o che raccogliamo nel corso della vostra navigazione e che vi permettono di essere identificati direttamente o indirettamente.<\/p>\n\n<h2 class=\"fusion-responsive-typography-calculated wp-block-heading\" data-fontsize=\"17\" data-lineheight=\"23.969999px\">Su quali supporti e per quanto tempo vengono conservati i dati personali?<\/h2>\n\n<p>I dati personali vengono conservati su carta o in formato elettronico per il tempo necessario a conseguire gli scopi per cui sono stati raccolti o per il periodo di conservazione legale, ossia per 3 anni dall'ultimo contatto con la persona.\u00a0<a href=\"https:\/\/www.cnil.fr\/fr\/limiter-la-conservation-des-donnees\">La CNIL raccomanda<\/a>\u00a0Ad esempio, \"i dati di contatto di un potenziale cliente che non risponde a nessuna sollecitazione per 3 anni devono essere cancellati\". I dati personali saranno conservati e consultati solo per il tempo necessario a raggiungere lo scopo per cui sono stati raccolti.<\/p>\n\n<h2 class=\"fusion-responsive-typography-calculated wp-block-heading\" data-fontsize=\"17\" data-lineheight=\"23.969999px\">Quali diritti hanno le persone di cui il Gruppo GPS Monaco raccoglie i dati e come possono esercitarli?<\/h2>\n\n<p>Le<a href=\"https:\/\/www.cnil.fr\/fr\/comprendre-le-rgpd\">\u00a0Regolamento europeo sulla protezione dei dati (RGPD)<\/a>\u00a0e la legge modificata sulla protezione dei dati (Loi Informatique et Libert\u00e9s) conferiscono alle persone alcuni diritti sui loro dati.<\/p>\n<p>Per quanto riguarda il trattamento dei dati personali che li riguardano, le persone possono esercitare i seguenti diritti:<\/p>\n<ul>\n<li>Diritto di accesso: ogni persona ha il diritto di ottenere una copia dei dati personali che il Gruppo GPS Monaco detiene ed elabora su di lui;<\/li>\n<li>Diritto di rettifica: ogni persona ha il diritto di rettificare i dati personali in possesso del Gruppo GPS Monaco se non sono corretti;<\/li>\n<li>Diritto di presentare un\u00a0<a href=\"https:\/\/www.cnil.fr\/fr\/plaintes\">reclamo alla CNIL<\/a>\u00a0Privacy: ogni persona ha il diritto di presentare un reclamo alla CNIL se ha dubbi sul modo in cui il Gruppo GPS Monaco tratta i suoi dati personali.<\/li>\n<\/ul>\n\n<h2 class=\"fusion-responsive-typography-calculated wp-block-heading\" data-fontsize=\"17\" data-lineheight=\"23.969999px\">Perch\u00e9 vengono trattati questi dati personali?<\/h2>\n\n<p>Trattiamo i dati personali degli utenti per le seguenti finalit\u00e0:<\/p>\n<ul>\n<li>Rispondere alle richieste di contatto fatte tramite il sito<u>\u00a0modulo di contatto<\/u>.<\/li>\n<li>Accesso alla piattaforma Dealpulse<\/li>\n<li>Rispondere alle domande tramite Outlook<\/li>\n<\/ul>\n\n<h2 class=\"fusion-responsive-typography-calculated wp-block-heading\" data-fontsize=\"17\" data-lineheight=\"23.969999px\">Su quali basi legali il Gruppo GPS Monaco tratta i dati personali?<\/h2>\n\n<p>Trattiamo i dati personali sulla base di :<\/p>\n<ul>\n<li>Il trattamento \u00e8 necessario per l'esecuzione di un contratto di cui l'interessato \u00e8 parte o per l'esecuzione di misure precontrattuali adottate su richiesta dell'interessato.<\/li>\n<li>Il trattamento \u00e8 necessario per i legittimi interessi di GPS Monaco Group.<\/li>\n<li>Il consenso preventivo degli individui per l'invio di risposte alle loro richieste per via elettronica.<\/li>\n<li>La creazione di un accesso privato alla piattaforma di consultazione digitale online.<\/li>\n<\/ul>\n\n<h2 class=\"fusion-responsive-typography-calculated wp-block-heading\" data-fontsize=\"17\" data-lineheight=\"23.969999px\">Con chi vengono condivisi questi dati personali?<\/h2>\n\n<p>L'accesso ai dati personali \u00e8 riservato esclusivamente a Patrick Bogaerts e al suo team di vendita e marketing.<\/p>\n<p>Sono informati e formati sulle questioni relative alla protezione dei dati.<\/p>\n<ul>\n<li>Subappaltatori<\/li>\n<\/ul>\n<p>Ospitiamo i dati personali presso un host di dati conforme alla legislazione vigente e li condividiamo anche con subappaltatori che agiscono per nostro conto.<\/p>\n<p>Tuttavia, se l'incaricato del trattamento ha accesso ai dati personali, si atterr\u00e0 alla legislazione vigente in materia di protezione dei dati personali e alla presente informativa.<\/p>\n<ul>\n<li>Obblighi legali<\/li>\n<\/ul>\n<p><br \/>Questi dati personali non vengono divulgati a terzi senza la preventiva autorizzazione dell'interessato, salvo in casi eccezionali in cui ci\u00f2 sia richiesto dalla legge o da autorit\u00e0 governative, come la Commission Nationale Informatique et Libert\u00e9s (CNIL) o le autorit\u00e0 legali competenti.<\/p>\n\n<h2 class=\"fusion-responsive-typography-calculated wp-block-heading\" data-fontsize=\"17\" data-lineheight=\"23.969999px\">Politica di gestione dei COOKIES<\/h2>\n\n<p class=\"fusion-responsive-typography-calculated\" data-fontsize=\"17\" data-lineheight=\"23.969999px\"><strong>Cosa sono i biscotti?<\/strong><\/p>\n\n<p>Il vostro browser Internet dispone di una funzione chiamata \"cookie\". Un cookie \u00e8 l'equivalente di un piccolo file di testo memorizzato sul vostro terminale. Per la durata della sua validit\u00e0, il cookie viene utilizzato per memorizzare informazioni di stato quando il browser accede a pagine diverse di un sito web o quando il browser ritorna al sito web in un momento successivo.<br \/><br \/><\/p>\n<p class=\"fusion-responsive-typography-calculated\" data-fontsize=\"17\" data-lineheight=\"23.969999px\"><strong>Come utilizziamo i cookie?<\/strong><\/p>\n<p>Quando visitate il nostro sito, possiamo installare o meno dei cookie sul disco rigido del vostro computer, a seconda delle impostazioni del vostro browser. Possiamo leggere i cookie che abbiamo installato durante il periodo di validit\u00e0 di ciascun cookie (massimo 13 mesi: al termine di questo periodo, sar\u00e0 necessario richiedere nuovamente il consenso) o fino a quando l'utente non cancella il cookie.<\/p>\n<p>Sul nostro sito utilizziamo i cookie per i seguenti scopi:<\/p>\n<ul>\n<li>Cookie funzionali e tecnici: per facilitare la navigazione e consentire la corretta visualizzazione delle nostre pagine web (cookie di sessione),<\/li>\n<li>Cookie statistici: per analizzare le prestazioni del nostro sito sulla base di informazioni anonime sulla vostra navigazione (ad es. pagine visualizzate, numero di visite, ecc.). A tal fine, utilizziamo lo strumento di analisi \"Google Analytics\".<\/li>\n<\/ul>\n<p>Questi cookie ci permettono di migliorare il nostro sito web e i nostri prodotti analizzando dati statistici anonimi.<\/p>\n<p>Si prega di notare I cookie che utilizziamo non ci permettono di identificarvi personalmente.<br \/><br \/><strong>Posso rifiutare di accettare i cookie?<br \/><br \/><\/strong>\u00c8 possibile impedire la memorizzazione di questi cookie facendo clic sul seguente link o, caso per caso, modificando le impostazioni del browser.<\/p>\n<p>Si noti, tuttavia, che se si sceglie di rifiutare tutti i tipi di cookie, alcune funzioni del sito potrebbero non essere accessibili.<\/p>\n<p>\u00c8 inoltre possibile disattivare i cookie installati durante l'utilizzo di Google Analytics installando il modulo aggiuntivo fornito da Google al seguente indirizzo:\u00a0<a href=\"https:\/\/tools.google.com\/dlpage\/gaoptout?hl=fr\">https:\/\/tools.google.com\/dlpage\/gaoptout?hl=fr<\/a><\/p>\n<p>Per ulteriori informazioni sui cookie, \u00e8 possibile visitare anche il sito web\u00a0<a href=\"https:\/\/www.cnil.fr\/fr\/cookies-traceurs-que-dit-la-loi\">CNIL<\/a>.<\/p>\t\t\t\t\t\t\t\t<\/div>\n\t\t\t\t<\/div>\n\t\t\t\t\t<\/div>\n\t\t\t\t<\/div>\n\t\t\t\t<\/div>","protected":false},"excerpt":{"rendered":"<p>Conform\u00e9ment aux dispositions des articles 6-III et 19 de la Loi n\u00b0 2004-575 du 21 juin 2004 pour la Confiance dans l\u2019\u00e9conomie num\u00e9rique, dite L.C.E.N., nous portons \u00e0 la connaissance des utilisateurs et visiteurs du site : https:\/\/gpsmonacogroup.com\/ les informations suivantes : Respect des donn\u00e9es \u00e0 caract\u00e8re personnel Conform\u00e9ment \u00e0 la r\u00e9glementation en vigueur, https:\/\/gpsmonacogroup.com\/\u00a0s\u2019engage [&hellip;]<\/p>\n","protected":false},"author":1,"featured_media":0,"parent":0,"menu_order":0,"comment_status":"closed","ping_status":"open","template":"","meta":{"_acf_changed":false,"inline_featured_image":false,"footnotes":""},"class_list":["post-3","page","type-page","status-publish","hentry"],"acf":[],"yoast_head":"<!-- This site is optimized with the Yoast SEO plugin v27.0 - https:\/\/yoast.com\/product\/yoast-seo-wordpress\/ -->\n<title>Politique de confidentialit\u00e9 - GPS Monaco Group<\/title>\n<meta name=\"robots\" content=\"index, follow, max-snippet:-1, max-image-preview:large, max-video-preview:-1\" \/>\n<link rel=\"canonical\" href=\"https:\/\/gpsmonacogroup.com\/it\/politique-de-confidentialite\/\" \/>\n<meta property=\"og:locale\" content=\"it_IT\" \/>\n<meta property=\"og:type\" content=\"article\" \/>\n<meta property=\"og:title\" content=\"Politique de confidentialit\u00e9 - GPS Monaco Group\" \/>\n<meta property=\"og:description\" content=\"Conform\u00e9ment aux dispositions des articles 6-III et 19 de la Loi n\u00b0 2004-575 du 21 juin 2004 pour la Confiance dans l\u2019\u00e9conomie num\u00e9rique, dite L.C.E.N., nous portons \u00e0 la connaissance des utilisateurs et visiteurs du site : https:\/\/gpsmonacogroup.com\/ les informations suivantes : Respect des donn\u00e9es \u00e0 caract\u00e8re personnel Conform\u00e9ment \u00e0 la r\u00e9glementation en vigueur, https:\/\/gpsmonacogroup.com\/\u00a0s\u2019engage [&hellip;]\" \/>\n<meta property=\"og:url\" content=\"https:\/\/gpsmonacogroup.com\/it\/politique-de-confidentialite\/\" \/>\n<meta property=\"og:site_name\" content=\"GPS Monaco Group\" \/>\n<meta property=\"article:modified_time\" content=\"2025-02-21T10:37:43+00:00\" \/>\n<meta name=\"twitter:card\" content=\"summary_large_image\" \/>\n<meta name=\"twitter:label1\" content=\"Tempo di lettura stimato\" \/>\n\t<meta name=\"twitter:data1\" content=\"6 minuti\" \/>\n<script type=\"application\/ld+json\" class=\"yoast-schema-graph\">{\"@context\":\"https:\/\/schema.org\",\"@graph\":[{\"@type\":\"WebPage\",\"@id\":\"https:\/\/gpsmonacogroup.com\/politique-de-confidentialite\/\",\"url\":\"https:\/\/gpsmonacogroup.com\/politique-de-confidentialite\/\",\"name\":\"Politique de confidentialit\u00e9 - GPS Monaco Group\",\"isPartOf\":{\"@id\":\"https:\/\/gpsmonacogroup.com\/it\/#website\"},\"datePublished\":\"2024-08-27T12:07:40+00:00\",\"dateModified\":\"2025-02-21T10:37:43+00:00\",\"breadcrumb\":{\"@id\":\"https:\/\/gpsmonacogroup.com\/politique-de-confidentialite\/#breadcrumb\"},\"inLanguage\":\"it-IT\",\"potentialAction\":[{\"@type\":\"ReadAction\",\"target\":[\"https:\/\/gpsmonacogroup.com\/politique-de-confidentialite\/\"]}]},{\"@type\":\"BreadcrumbList\",\"@id\":\"https:\/\/gpsmonacogroup.com\/politique-de-confidentialite\/#breadcrumb\",\"itemListElement\":[{\"@type\":\"ListItem\",\"position\":1,\"name\":\"Accueil\",\"item\":\"https:\/\/gpsmonacogroup.com\/\"},{\"@type\":\"ListItem\",\"position\":2,\"name\":\"Politique de confidentialit\u00e9\"}]},{\"@type\":\"WebSite\",\"@id\":\"https:\/\/gpsmonacogroup.com\/it\/#website\",\"url\":\"https:\/\/gpsmonacogroup.com\/it\/\",\"name\":\"GPS Monaco Group\",\"description\":\"\",\"publisher\":{\"@id\":\"https:\/\/gpsmonacogroup.com\/it\/#organization\"},\"potentialAction\":[{\"@type\":\"SearchAction\",\"target\":{\"@type\":\"EntryPoint\",\"urlTemplate\":\"https:\/\/gpsmonacogroup.com\/it\/?s={search_term_string}\"},\"query-input\":{\"@type\":\"PropertyValueSpecification\",\"valueRequired\":true,\"valueName\":\"search_term_string\"}}],\"inLanguage\":\"it-IT\"},{\"@type\":\"Organization\",\"@id\":\"https:\/\/gpsmonacogroup.com\/it\/#organization\",\"name\":\"GPS Monaco Group\",\"url\":\"https:\/\/gpsmonacogroup.com\/it\/\",\"logo\":{\"@type\":\"ImageObject\",\"inLanguage\":\"it-IT\",\"@id\":\"https:\/\/gpsmonacogroup.com\/it\/#\/schema\/logo\/image\/\",\"url\":\"https:\/\/gpsmonacogroup.com\/wp-content\/uploads\/2024\/08\/logo-GPS-blanc.webp\",\"contentUrl\":\"https:\/\/gpsmonacogroup.com\/wp-content\/uploads\/2024\/08\/logo-GPS-blanc.webp\",\"width\":211,\"height\":125,\"caption\":\"GPS Monaco Group\"},\"image\":{\"@id\":\"https:\/\/gpsmonacogroup.com\/it\/#\/schema\/logo\/image\/\"}}]}<\/script>\n<!-- \/ Yoast SEO plugin. -->","yoast_head_json":{"title":"Politique de confidentialit\u00e9 - GPS Monaco Group","robots":{"index":"index","follow":"follow","max-snippet":"max-snippet:-1","max-image-preview":"max-image-preview:large","max-video-preview":"max-video-preview:-1"},"canonical":"https:\/\/gpsmonacogroup.com\/it\/politique-de-confidentialite\/","og_locale":"it_IT","og_type":"article","og_title":"Politique de confidentialit\u00e9 - GPS Monaco Group","og_description":"Conform\u00e9ment aux dispositions des articles 6-III et 19 de la Loi n\u00b0 2004-575 du 21 juin 2004 pour la Confiance dans l\u2019\u00e9conomie num\u00e9rique, dite L.C.E.N., nous portons \u00e0 la connaissance des utilisateurs et visiteurs du site : https:\/\/gpsmonacogroup.com\/ les informations suivantes : Respect des donn\u00e9es \u00e0 caract\u00e8re personnel Conform\u00e9ment \u00e0 la r\u00e9glementation en vigueur, https:\/\/gpsmonacogroup.com\/\u00a0s\u2019engage [&hellip;]","og_url":"https:\/\/gpsmonacogroup.com\/it\/politique-de-confidentialite\/","og_site_name":"GPS Monaco Group","article_modified_time":"2025-02-21T10:37:43+00:00","twitter_card":"summary_large_image","twitter_misc":{"Tempo di lettura stimato":"6 minuti"},"schema":{"@context":"https:\/\/schema.org","@graph":[{"@type":"WebPage","@id":"https:\/\/gpsmonacogroup.com\/politique-de-confidentialite\/","url":"https:\/\/gpsmonacogroup.com\/politique-de-confidentialite\/","name":"Politique de confidentialit\u00e9 - GPS Monaco Group","isPartOf":{"@id":"https:\/\/gpsmonacogroup.com\/it\/#website"},"datePublished":"2024-08-27T12:07:40+00:00","dateModified":"2025-02-21T10:37:43+00:00","breadcrumb":{"@id":"https:\/\/gpsmonacogroup.com\/politique-de-confidentialite\/#breadcrumb"},"inLanguage":"it-IT","potentialAction":[{"@type":"ReadAction","target":["https:\/\/gpsmonacogroup.com\/politique-de-confidentialite\/"]}]},{"@type":"BreadcrumbList","@id":"https:\/\/gpsmonacogroup.com\/politique-de-confidentialite\/#breadcrumb","itemListElement":[{"@type":"ListItem","position":1,"name":"Accueil","item":"https:\/\/gpsmonacogroup.com\/"},{"@type":"ListItem","position":2,"name":"Politique de confidentialit\u00e9"}]},{"@type":"WebSite","@id":"https:\/\/gpsmonacogroup.com\/it\/#website","url":"https:\/\/gpsmonacogroup.com\/it\/","name":"Gruppo GPS Monaco","description":"","publisher":{"@id":"https:\/\/gpsmonacogroup.com\/it\/#organization"},"potentialAction":[{"@type":"SearchAction","target":{"@type":"EntryPoint","urlTemplate":"https:\/\/gpsmonacogroup.com\/it\/?s={search_term_string}"},"query-input":{"@type":"PropertyValueSpecification","valueRequired":true,"valueName":"search_term_string"}}],"inLanguage":"it-IT"},{"@type":"Organization","@id":"https:\/\/gpsmonacogroup.com\/it\/#organization","name":"Gruppo GPS Monaco","url":"https:\/\/gpsmonacogroup.com\/it\/","logo":{"@type":"ImageObject","inLanguage":"it-IT","@id":"https:\/\/gpsmonacogroup.com\/it\/#\/schema\/logo\/image\/","url":"https:\/\/gpsmonacogroup.com\/wp-content\/uploads\/2024\/08\/logo-GPS-blanc.webp","contentUrl":"https:\/\/gpsmonacogroup.com\/wp-content\/uploads\/2024\/08\/logo-GPS-blanc.webp","width":211,"height":125,"caption":"GPS Monaco Group"},"image":{"@id":"https:\/\/gpsmonacogroup.com\/it\/#\/schema\/logo\/image\/"}}]}},"_links":{"self":[{"href":"https:\/\/gpsmonacogroup.com\/it\/wp-json\/wp\/v2\/pages\/3","targetHints":{"allow":["GET"]}}],"collection":[{"href":"https:\/\/gpsmonacogroup.com\/it\/wp-json\/wp\/v2\/pages"}],"about":[{"href":"https:\/\/gpsmonacogroup.com\/it\/wp-json\/wp\/v2\/types\/page"}],"author":[{"embeddable":true,"href":"https:\/\/gpsmonacogroup.com\/it\/wp-json\/wp\/v2\/users\/1"}],"replies":[{"embeddable":true,"href":"https:\/\/gpsmonacogroup.com\/it\/wp-json\/wp\/v2\/comments?post=3"}],"version-history":[{"count":7,"href":"https:\/\/gpsmonacogroup.com\/it\/wp-json\/wp\/v2\/pages\/3\/revisions"}],"predecessor-version":[{"id":6120,"href":"https:\/\/gpsmonacogroup.com\/it\/wp-json\/wp\/v2\/pages\/3\/revisions\/6120"}],"wp:attachment":[{"href":"https:\/\/gpsmonacogroup.com\/it\/wp-json\/wp\/v2\/media?parent=3"}],"curies":[{"name":"wp","href":"https:\/\/api.w.org\/{rel}","templated":true}]}}