{"id":6040,"date":"2024-11-08T14:29:50","date_gmt":"2024-11-08T13:29:50","guid":{"rendered":"https:\/\/gpsmonacogroup.com\/?page_id=6040"},"modified":"2025-02-21T11:37:19","modified_gmt":"2025-02-21T10:37:19","slug":"mentions-legales","status":"publish","type":"page","link":"https:\/\/gpsmonacogroup.com\/es\/mentions-legales\/","title":{"rendered":"Informaci\u00f3n jur\u00eddica"},"content":{"rendered":"<div data-elementor-type=\"wp-page\" data-elementor-id=\"6040\" class=\"elementor elementor-6040\" data-elementor-post-type=\"page\">\n\t\t\t\t<div class=\"elementor-element elementor-element-41378db e-flex e-con-boxed e-con e-parent\" data-id=\"41378db\" data-element_type=\"container\" data-e-type=\"container\">\n\t\t\t\t\t<div class=\"e-con-inner\">\n\t\t\t\t<div class=\"elementor-element elementor-element-bb43f0c elementor-widget elementor-widget-heading\" data-id=\"bb43f0c\" data-element_type=\"widget\" data-e-type=\"widget\" data-widget_type=\"heading.default\">\n\t\t\t\t<div class=\"elementor-widget-container\">\n\t\t\t\t\t<h1 class=\"elementor-heading-title elementor-size-default\">Informaci\u00f3n jur\u00eddica<\/h1>\t\t\t\t<\/div>\n\t\t\t\t<\/div>\n\t\t\t\t<div class=\"elementor-element elementor-element-64c09a88 elementor-widget elementor-widget-text-editor\" data-id=\"64c09a88\" data-element_type=\"widget\" data-e-type=\"widget\" data-widget_type=\"text-editor.default\">\n\t\t\t\t<div class=\"elementor-widget-container\">\n\t\t\t\t\t\t\t\t\t\n<h2 class=\"wp-block-heading\">Publicaci\u00f3n<\/h2>\n\n<p>Este sitio web es propiedad de GPS Monaco Group SAM, una empresa con un capital social de 150.000 euros.\u00a0<\/p>\n<p>Soluci\u00f3n de aprovisionamiento global GPS MONACO GROUP SAM<br \/><strong>Edificio Le Triton<br \/>5 Rue du Gabian - 5\u00aa planta<br \/>98000 M\u00f3naco<\/strong><br \/><a href=\"http:\/\/www.gps-group.fr\/\">www.gpsmonacogroup.com<br \/><\/a><a href=\"mailto:contact@gpsmonacogroup.com\">contact@gpsmonacogroup.com<\/a><\/p>\n<p>N\u00daMERO KBIS: 17S07563 \/ N\u00daMERO IVA: FR39000132026<\/p>\n<p>Lugar de registro: M\u00f3naco<\/p>\n<p>Este sitio web ha sido creado por el departamento de marketing del Grupo GPS Monaco SAM, dirigido por Marjorie BARIN, y desarrollado por Tack-Tack (<a href=\"https:\/\/www.tack-tack.fr\">https:\/\/www.tack-tack.fr<\/a>).<\/p>\n\n<h2 class=\"wp-block-heading\">Alojamiento web<\/h2>\n\n<p>Este sitio est\u00e1 alojado en <strong>Servicios Web de Amazon (AWS).<\/strong><\/p>\n<p>Amazon Web Services, Inc.<br \/>410 Terry Avenue North, Seattle, WA 98109-5210, Estados Unidos.<br \/>+1 206-266-1000<\/p>\n\n<p><strong>Derechos de propiedad intelectual<br \/><\/strong><strong><br \/><\/strong>El Sitio Web est\u00e1 protegido por derechos de propiedad intelectual y es propiedad exclusiva de GPS Monaco Group SAM. El dise\u00f1o, los gr\u00e1ficos, el contenido y la organizaci\u00f3n de este sitio web son obras originales y son propiedad exclusiva de GPS Monaco Group SAM.<\/p>\n<p>Toda reproducci\u00f3n o reproducci\u00f3n total o parcial sin el consentimiento del autor o de sus derechohabientes o causahabientes es il\u00edcita. Lo mismo se aplica a la traducci\u00f3n, adaptaci\u00f3n o arreglo por cualquier procedimiento (Ley n\u00ba 57298 de 11 de marzo de 1957).<\/p>\n<p><strong>Hiperv\u00ednculos a sitios de terceros<br \/><\/strong><strong><br \/><\/strong>GPS Monaco Group SAM no ejerce ning\u00fan control sobre el contenido de los sitios de terceros. La existencia de un enlace de hipertexto entre el sitio web de GPS Monaco Group SAM y un sitio web de terceros no implica en modo alguno que GPS Monaco Group SAM ejerza control alguno sobre el contenido del sitio web de terceros.<\/p>\n<p><strong>Exenci\u00f3n de responsabilidad<br \/><\/strong><strong><br \/><\/strong>Es responsabilidad de los usuarios de este sitio adoptar todas las medidas adecuadas para proteger sus propios datos y\/o programas inform\u00e1ticos de la contaminaci\u00f3n por cualquier virus que circule por Internet.<\/p>\n<p><strong>Modificaci\u00f3n del sitio<br \/><\/strong><strong><br \/><\/strong>GPS Monaco Group SAM se reserva el derecho de modificar o corregir el contenido de este sitio web y de este aviso legal en cualquier momento y sin previo aviso.<\/p>\t\t\t\t\t\t\t\t<\/div>\n\t\t\t\t<\/div>\n\t\t\t\t\t<\/div>\n\t\t\t\t<\/div>\n\t\t\t\t<\/div>","protected":false},"excerpt":{"rendered":"<p>Publication Le pr\u00e9sent site est d\u00e9tenu par GPS Monaco Group SAM, entreprise au capital social de 150 000 euros.\u00a0 Global Procurement Solution GPS MONACO GROUP SAMB\u00e2timent Le Triton5 Rue du Gabian \u2013 5e \u00e9tage98000 Monacowww.gpsmonacogroup.comcontact@gpsmonacogroup.com N\u00b0 KBIS : 17S07563 \/ N\u00b0 TVA : FR39000132026 Lieu d&rsquo;enregistrement : Monaco Le pr\u00e9sent site a \u00e9t\u00e9 r\u00e9alis\u00e9 par [&hellip;]<\/p>\n","protected":false},"author":1,"featured_media":0,"parent":0,"menu_order":0,"comment_status":"closed","ping_status":"open","template":"","meta":{"_acf_changed":false,"inline_featured_image":false,"footnotes":""},"class_list":["post-6040","page","type-page","status-publish","hentry"],"acf":[],"yoast_head":"<!-- This site is optimized with the Yoast SEO plugin v27.0 - https:\/\/yoast.com\/product\/yoast-seo-wordpress\/ -->\n<title>Mentions l\u00e9gales - GPS Monaco Group<\/title>\n<meta name=\"robots\" content=\"index, follow, max-snippet:-1, max-image-preview:large, max-video-preview:-1\" \/>\n<link rel=\"canonical\" href=\"https:\/\/gpsmonacogroup.com\/es\/mentions-legales\/\" \/>\n<meta property=\"og:locale\" content=\"es_ES\" \/>\n<meta property=\"og:type\" content=\"article\" \/>\n<meta property=\"og:title\" content=\"Mentions l\u00e9gales - GPS Monaco Group\" \/>\n<meta property=\"og:description\" content=\"Publication Le pr\u00e9sent site est d\u00e9tenu par GPS Monaco Group SAM, entreprise au capital social de 150 000 euros.\u00a0 Global Procurement Solution GPS MONACO GROUP SAMB\u00e2timent Le Triton5 Rue du Gabian \u2013 5e \u00e9tage98000 Monacowww.gpsmonacogroup.comcontact@gpsmonacogroup.com N\u00b0 KBIS : 17S07563 \/ N\u00b0 TVA : FR39000132026 Lieu d&rsquo;enregistrement : Monaco Le pr\u00e9sent site a \u00e9t\u00e9 r\u00e9alis\u00e9 par [&hellip;]\" \/>\n<meta property=\"og:url\" content=\"https:\/\/gpsmonacogroup.com\/es\/mentions-legales\/\" \/>\n<meta property=\"og:site_name\" content=\"GPS Monaco Group\" \/>\n<meta property=\"article:modified_time\" content=\"2025-02-21T10:37:19+00:00\" \/>\n<meta name=\"twitter:card\" content=\"summary_large_image\" \/>\n<meta name=\"twitter:label1\" content=\"Tiempo de lectura\" \/>\n\t<meta name=\"twitter:data1\" content=\"2 minutos\" \/>\n<script type=\"application\/ld+json\" class=\"yoast-schema-graph\">{\"@context\":\"https:\/\/schema.org\",\"@graph\":[{\"@type\":\"WebPage\",\"@id\":\"https:\/\/gpsmonacogroup.com\/mentions-legales\/\",\"url\":\"https:\/\/gpsmonacogroup.com\/mentions-legales\/\",\"name\":\"Mentions l\u00e9gales - GPS Monaco Group\",\"isPartOf\":{\"@id\":\"https:\/\/gpsmonacogroup.com\/it\/#website\"},\"datePublished\":\"2024-11-08T13:29:50+00:00\",\"dateModified\":\"2025-02-21T10:37:19+00:00\",\"breadcrumb\":{\"@id\":\"https:\/\/gpsmonacogroup.com\/mentions-legales\/#breadcrumb\"},\"inLanguage\":\"es\",\"potentialAction\":[{\"@type\":\"ReadAction\",\"target\":[\"https:\/\/gpsmonacogroup.com\/mentions-legales\/\"]}]},{\"@type\":\"BreadcrumbList\",\"@id\":\"https:\/\/gpsmonacogroup.com\/mentions-legales\/#breadcrumb\",\"itemListElement\":[{\"@type\":\"ListItem\",\"position\":1,\"name\":\"Accueil\",\"item\":\"https:\/\/gpsmonacogroup.com\/\"},{\"@type\":\"ListItem\",\"position\":2,\"name\":\"Mentions l\u00e9gales\"}]},{\"@type\":\"WebSite\",\"@id\":\"https:\/\/gpsmonacogroup.com\/it\/#website\",\"url\":\"https:\/\/gpsmonacogroup.com\/it\/\",\"name\":\"GPS Monaco Group\",\"description\":\"\",\"publisher\":{\"@id\":\"https:\/\/gpsmonacogroup.com\/it\/#organization\"},\"potentialAction\":[{\"@type\":\"SearchAction\",\"target\":{\"@type\":\"EntryPoint\",\"urlTemplate\":\"https:\/\/gpsmonacogroup.com\/it\/?s={search_term_string}\"},\"query-input\":{\"@type\":\"PropertyValueSpecification\",\"valueRequired\":true,\"valueName\":\"search_term_string\"}}],\"inLanguage\":\"es\"},{\"@type\":\"Organization\",\"@id\":\"https:\/\/gpsmonacogroup.com\/it\/#organization\",\"name\":\"GPS Monaco Group\",\"url\":\"https:\/\/gpsmonacogroup.com\/it\/\",\"logo\":{\"@type\":\"ImageObject\",\"inLanguage\":\"es\",\"@id\":\"https:\/\/gpsmonacogroup.com\/it\/#\/schema\/logo\/image\/\",\"url\":\"https:\/\/gpsmonacogroup.com\/wp-content\/uploads\/2024\/08\/logo-GPS-blanc.webp\",\"contentUrl\":\"https:\/\/gpsmonacogroup.com\/wp-content\/uploads\/2024\/08\/logo-GPS-blanc.webp\",\"width\":211,\"height\":125,\"caption\":\"GPS Monaco Group\"},\"image\":{\"@id\":\"https:\/\/gpsmonacogroup.com\/it\/#\/schema\/logo\/image\/\"}}]}<\/script>\n<!-- \/ Yoast SEO plugin. -->","yoast_head_json":{"title":"Mentions l\u00e9gales - GPS Monaco Group","robots":{"index":"index","follow":"follow","max-snippet":"max-snippet:-1","max-image-preview":"max-image-preview:large","max-video-preview":"max-video-preview:-1"},"canonical":"https:\/\/gpsmonacogroup.com\/es\/mentions-legales\/","og_locale":"es_ES","og_type":"article","og_title":"Mentions l\u00e9gales - GPS Monaco Group","og_description":"Publication Le pr\u00e9sent site est d\u00e9tenu par GPS Monaco Group SAM, entreprise au capital social de 150 000 euros.\u00a0 Global Procurement Solution GPS MONACO GROUP SAMB\u00e2timent Le Triton5 Rue du Gabian \u2013 5e \u00e9tage98000 Monacowww.gpsmonacogroup.comcontact@gpsmonacogroup.com N\u00b0 KBIS : 17S07563 \/ N\u00b0 TVA : FR39000132026 Lieu d&rsquo;enregistrement : Monaco Le pr\u00e9sent site a \u00e9t\u00e9 r\u00e9alis\u00e9 par [&hellip;]","og_url":"https:\/\/gpsmonacogroup.com\/es\/mentions-legales\/","og_site_name":"GPS Monaco Group","article_modified_time":"2025-02-21T10:37:19+00:00","twitter_card":"summary_large_image","twitter_misc":{"Tiempo de lectura":"2 minutos"},"schema":{"@context":"https:\/\/schema.org","@graph":[{"@type":"WebPage","@id":"https:\/\/gpsmonacogroup.com\/mentions-legales\/","url":"https:\/\/gpsmonacogroup.com\/mentions-legales\/","name":"Mentions l\u00e9gales - GPS Monaco Group","isPartOf":{"@id":"https:\/\/gpsmonacogroup.com\/it\/#website"},"datePublished":"2024-11-08T13:29:50+00:00","dateModified":"2025-02-21T10:37:19+00:00","breadcrumb":{"@id":"https:\/\/gpsmonacogroup.com\/mentions-legales\/#breadcrumb"},"inLanguage":"es","potentialAction":[{"@type":"ReadAction","target":["https:\/\/gpsmonacogroup.com\/mentions-legales\/"]}]},{"@type":"BreadcrumbList","@id":"https:\/\/gpsmonacogroup.com\/mentions-legales\/#breadcrumb","itemListElement":[{"@type":"ListItem","position":1,"name":"Accueil","item":"https:\/\/gpsmonacogroup.com\/"},{"@type":"ListItem","position":2,"name":"Mentions l\u00e9gales"}]},{"@type":"WebSite","@id":"https:\/\/gpsmonacogroup.com\/it\/#website","url":"https:\/\/gpsmonacogroup.com\/it\/","name":"Grupo GPS M\u00f3naco","description":"","publisher":{"@id":"https:\/\/gpsmonacogroup.com\/it\/#organization"},"potentialAction":[{"@type":"SearchAction","target":{"@type":"EntryPoint","urlTemplate":"https:\/\/gpsmonacogroup.com\/it\/?s={search_term_string}"},"query-input":{"@type":"PropertyValueSpecification","valueRequired":true,"valueName":"search_term_string"}}],"inLanguage":"es"},{"@type":"Organization","@id":"https:\/\/gpsmonacogroup.com\/it\/#organization","name":"Grupo GPS M\u00f3naco","url":"https:\/\/gpsmonacogroup.com\/it\/","logo":{"@type":"ImageObject","inLanguage":"es","@id":"https:\/\/gpsmonacogroup.com\/it\/#\/schema\/logo\/image\/","url":"https:\/\/gpsmonacogroup.com\/wp-content\/uploads\/2024\/08\/logo-GPS-blanc.webp","contentUrl":"https:\/\/gpsmonacogroup.com\/wp-content\/uploads\/2024\/08\/logo-GPS-blanc.webp","width":211,"height":125,"caption":"GPS Monaco Group"},"image":{"@id":"https:\/\/gpsmonacogroup.com\/it\/#\/schema\/logo\/image\/"}}]}},"_links":{"self":[{"href":"https:\/\/gpsmonacogroup.com\/es\/wp-json\/wp\/v2\/pages\/6040","targetHints":{"allow":["GET"]}}],"collection":[{"href":"https:\/\/gpsmonacogroup.com\/es\/wp-json\/wp\/v2\/pages"}],"about":[{"href":"https:\/\/gpsmonacogroup.com\/es\/wp-json\/wp\/v2\/types\/page"}],"author":[{"embeddable":true,"href":"https:\/\/gpsmonacogroup.com\/es\/wp-json\/wp\/v2\/users\/1"}],"replies":[{"embeddable":true,"href":"https:\/\/gpsmonacogroup.com\/es\/wp-json\/wp\/v2\/comments?post=6040"}],"version-history":[{"count":28,"href":"https:\/\/gpsmonacogroup.com\/es\/wp-json\/wp\/v2\/pages\/6040\/revisions"}],"predecessor-version":[{"id":6306,"href":"https:\/\/gpsmonacogroup.com\/es\/wp-json\/wp\/v2\/pages\/6040\/revisions\/6306"}],"wp:attachment":[{"href":"https:\/\/gpsmonacogroup.com\/es\/wp-json\/wp\/v2\/media?parent=6040"}],"curies":[{"name":"wp","href":"https:\/\/api.w.org\/{rel}","templated":true}]}}