{"id":3,"date":"2024-08-27T14:07:40","date_gmt":"2024-08-27T12:07:40","guid":{"rendered":"http:\/\/gpsmonaco.test\/?page_id=3"},"modified":"2025-02-21T11:37:43","modified_gmt":"2025-02-21T10:37:43","slug":"politique-de-confidentialite","status":"publish","type":"page","link":"https:\/\/gpsmonacogroup.com\/es\/politique-de-confidentialite\/","title":{"rendered":"Pol\u00edtica de privacidad"},"content":{"rendered":"<div data-elementor-type=\"wp-page\" data-elementor-id=\"3\" class=\"elementor elementor-3\" data-elementor-post-type=\"page\">\n\t\t\t\t<div class=\"elementor-element elementor-element-41378db e-flex e-con-boxed e-con e-parent\" data-id=\"41378db\" data-element_type=\"container\" data-e-type=\"container\">\n\t\t\t\t\t<div class=\"e-con-inner\">\n\t\t\t\t<div class=\"elementor-element elementor-element-bb43f0c elementor-widget elementor-widget-heading\" data-id=\"bb43f0c\" data-element_type=\"widget\" data-e-type=\"widget\" data-widget_type=\"heading.default\">\n\t\t\t\t<div class=\"elementor-widget-container\">\n\t\t\t\t\t<h1 class=\"elementor-heading-title elementor-size-default\">Pol\u00edtica de privacidad<\/h1>\t\t\t\t<\/div>\n\t\t\t\t<\/div>\n\t\t\t\t<div class=\"elementor-element elementor-element-64c09a88 elementor-widget elementor-widget-text-editor\" data-id=\"64c09a88\" data-element_type=\"widget\" data-e-type=\"widget\" data-widget_type=\"text-editor.default\">\n\t\t\t\t<div class=\"elementor-widget-container\">\n\t\t\t\t\t\t\t\t\t\n<p class=\"fusion-responsive-typography-calculated\" data-fontsize=\"18\" data-lineheight=\"30.059999px\">De conformidad con lo dispuesto en los art\u00edculos 6-III y 19 de la Ley n\u00ba 2004-575 de 21 de junio de 2004 sobre la confianza en la econom\u00eda digital, conocida como L.C.E.N., informamos a los usuarios y visitantes del sitio web https:\/\/gpsmonacogroup.com\/ de la siguiente informaci\u00f3n:<\/p>\n\n<h2 class=\"wp-block-heading\">Respeto de los datos personales<\/h2>\n\n<p>De conformidad con la normativa vigente, https:\/\/gpsmonacogroup.com\/ se compromete a proteger los datos personales recogidos y tratados relativos a sus usuarios y a informarle sobre el uso de cookies por parte de los usuarios de su sitio.<\/p>\n\n<h2 class=\"fusion-responsive-typography-calculated wp-block-heading\" data-fontsize=\"17\" data-lineheight=\"23.969999px\">\u00bfQu\u00e9 son los datos personales?<\/h2>\n\n<p>Por \"datos personales\" se entiende cualquier informaci\u00f3n sobre usted como persona f\u00edsica que nos facilite voluntariamente o que recopilemos durante su navegaci\u00f3n y que permita identificarle directa o indirectamente.<\/p>\n\n<h2 class=\"fusion-responsive-typography-calculated wp-block-heading\" data-fontsize=\"17\" data-lineheight=\"23.969999px\">\u00bfEn qu\u00e9 soportes y durante cu\u00e1nto tiempo se almacenan estos datos personales?<\/h2>\n\n<p>Los datos personales se conservan en papel o electr\u00f3nicamente durante el tiempo necesario para los fines para los que se recogieron o durante el periodo de conservaci\u00f3n legal, es decir, durante 3 a\u00f1os a partir del \u00faltimo contacto con la persona.\u00a0<a href=\"https:\/\/www.cnil.fr\/fr\/limiter-la-conservation-des-donnees\">La CNIL recomienda<\/a>\u00a0Por ejemplo, \"los datos de contacto de un cliente potencial que no responda a una solicitud durante 3 a\u00f1os deben suprimirse\". Los datos personales s\u00f3lo se conservar\u00e1n y se acceder\u00e1 a ellos durante el tiempo que sea necesario para lograr el fin para el que fueron recogidos.<\/p>\n\n<h2 class=\"fusion-responsive-typography-calculated wp-block-heading\" data-fontsize=\"17\" data-lineheight=\"23.969999px\">\u00bfQu\u00e9 derechos tienen las personas cuyos datos recoge el Grupo GPS Monaco y c\u00f3mo pueden ejercerlos?<\/h2>\n\n<p>Le<a href=\"https:\/\/www.cnil.fr\/fr\/comprendre-le-rgpd\">\u00a0Reglamento Europeo de Protecci\u00f3n de Datos (RGPD)<\/a>\u00a0y la modificada Ley de Protecci\u00f3n de Datos (Loi Informatique et Libert\u00e9s) otorgan a las personas ciertos derechos sobre sus datos.<\/p>\n<p>En relaci\u00f3n con cualquier tratamiento de datos personales que les conciernan, las personas pueden ejercer los siguientes derechos:<\/p>\n<ul>\n<li>Derecho de acceso: toda persona tiene derecho a obtener una copia de los datos personales que el Grupo GPS Monaco posee y trata sobre ella;<\/li>\n<li>Derecho de rectificaci\u00f3n: Toda persona tiene derecho a rectificar los datos personales que el Grupo GPS M\u00f3naco posea sobre ella en caso de que sean incorrectos;<\/li>\n<li>Derecho a presentar una\u00a0<a href=\"https:\/\/www.cnil.fr\/fr\/plaintes\">denuncia ante la CNIL<\/a>\u00a0Privacidad: toda persona tiene derecho a presentar una reclamaci\u00f3n ante la CNIL si tiene alguna duda sobre la forma en que el Grupo GPS M\u00f3naco trata sus datos personales.<\/li>\n<\/ul>\n\n<h2 class=\"fusion-responsive-typography-calculated wp-block-heading\" data-fontsize=\"17\" data-lineheight=\"23.969999px\">\u00bfPor qu\u00e9 se tratan estos datos personales?<\/h2>\n\n<p>Tratamos los datos personales de los usuarios para los siguientes fines:<\/p>\n<ul>\n<li>Responder a las solicitudes de contacto realizadas a trav\u00e9s del<u>\u00a0formulario de contacto<\/u>.<\/li>\n<li>Acceso a la plataforma Dealpulse<\/li>\n<li>Responder a preguntas a trav\u00e9s de Outlook<\/li>\n<\/ul>\n\n<h2 class=\"fusion-responsive-typography-calculated wp-block-heading\" data-fontsize=\"17\" data-lineheight=\"23.969999px\">\u00bfCon qu\u00e9 fundamento jur\u00eddico trata el Grupo GPS M\u00f3naco los datos personales?<\/h2>\n\n<p>Tratamos los datos personales sobre la base de :<\/p>\n<ul>\n<li>El tratamiento es necesario para la ejecuci\u00f3n de un contrato en el que el interesado es parte o para la ejecuci\u00f3n de medidas precontractuales adoptadas a petici\u00f3n del interesado.<\/li>\n<li>El tratamiento es necesario para los intereses leg\u00edtimos del Grupo GPS Monaco.<\/li>\n<li>El consentimiento previo de los particulares para que las respuestas a sus solicitudes se env\u00eden por v\u00eda electr\u00f3nica.<\/li>\n<li>Creaci\u00f3n de un acceso privado a la plataforma digital de consulta en l\u00ednea.<\/li>\n<\/ul>\n\n<h2 class=\"fusion-responsive-typography-calculated wp-block-heading\" data-fontsize=\"17\" data-lineheight=\"23.969999px\">\u00bfCon qui\u00e9n se comparten estos datos personales?<\/h2>\n\n<p>El acceso a los datos personales est\u00e1 restringido exclusivamente a Patrick Bogaerts y a su equipo de ventas y marketing.<\/p>\n<p>Se les sensibiliza y forma en materia de protecci\u00f3n de datos.<\/p>\n<ul>\n<li>Subcontratistas<\/li>\n<\/ul>\n<p>Alojamos los datos personales en un host de datos que cumple la legislaci\u00f3n vigente y tambi\u00e9n compartimos estos datos con subcontratistas que act\u00faan en nuestro nombre.<\/p>\n<p>No obstante, si el encargado del tratamiento tiene acceso a datos personales, deber\u00e1 cumplir la legislaci\u00f3n vigente en materia de protecci\u00f3n de datos personales y la presente nota informativa.<\/p>\n<ul>\n<li>Obligaciones legales<\/li>\n<\/ul>\n<p><br \/>Estos datos personales no se comunican a terceros sin la autorizaci\u00f3n previa del interesado, salvo en casos excepcionales exigidos por la ley o las autoridades gubernamentales, como la Comisi\u00f3n Nacional de Inform\u00e1tica y Libertades (CNIL) o las autoridades judiciales competentes.<\/p>\n\n<h2 class=\"fusion-responsive-typography-calculated wp-block-heading\" data-fontsize=\"17\" data-lineheight=\"23.969999px\">Pol\u00edtica de gesti\u00f3n de COOKIES<\/h2>\n\n<p class=\"fusion-responsive-typography-calculated\" data-fontsize=\"17\" data-lineheight=\"23.969999px\"><strong>\u00bfQu\u00e9 son las cookies?<\/strong><\/p>\n\n<p>Su navegador de Internet dispone de una funci\u00f3n denominada \"cookies\". Una cookie equivale a un peque\u00f1o archivo de texto almacenado en su terminal. Durante el periodo de validez de la cookie, se utiliza para almacenar informaci\u00f3n de estado cuando un navegador accede a diferentes p\u00e1ginas de un sitio web o cuando el navegador vuelve al sitio web en una fecha posterior.<br \/><br \/><\/p>\n<p class=\"fusion-responsive-typography-calculated\" data-fontsize=\"17\" data-lineheight=\"23.969999px\"><strong>\u00bfC\u00f3mo utilizamos las cookies?<\/strong><\/p>\n<p>Cuando visita nuestro sitio, podemos instalar o no cookies en el disco duro de su ordenador, dependiendo de la configuraci\u00f3n de su navegador. Podemos leer las cookies que hemos instalado durante el periodo de validez de cada cookie (un m\u00e1ximo de 13 meses: al final de este periodo, se requerir\u00e1 de nuevo el consentimiento) o hasta que elimine la cookie.<\/p>\n<p>En nuestro sitio web utilizamos cookies para los siguientes fines:<\/p>\n<ul>\n<li>Cookies funcionales y t\u00e9cnicas: para facilitar su navegaci\u00f3n y permitir que nuestras p\u00e1ginas web se muestren correctamente (cookies de sesi\u00f3n),<\/li>\n<li>Cookies estad\u00edsticas: para analizar el rendimiento de nuestra web a partir de informaci\u00f3n an\u00f3nima sobre su navegaci\u00f3n (por ejemplo, p\u00e1ginas vistas, n\u00famero de visitas, etc.). Para ello, utilizamos la herramienta de an\u00e1lisis \"Google Analytics\".<\/li>\n<\/ul>\n<p>Estas cookies nos permiten mejorar nuestro sitio web y nuestros productos mediante el an\u00e1lisis de datos estad\u00edsticos an\u00f3nimos.<\/p>\n<p>Atenci\u00f3n Las cookies que utilizamos no nos permiten identificarle personalmente.<br \/><br \/><strong>\u00bfPuedo negarme a aceptar cookies?<br \/><br \/><\/strong>Puede evitar que se almacenen estas cookies haciendo clic en el siguiente enlace o, en cada caso, ajustando la configuraci\u00f3n de su navegador.<\/p>\n<p>Tenga en cuenta, no obstante, que si decide rechazar todo tipo de cookies, es posible que no pueda acceder a algunas de las funciones del sitio.<\/p>\n<p>Tambi\u00e9n puede desactivar las cookies colocadas al utilizar Google Analytics instalando el m\u00f3dulo adicional proporcionado por Google en la siguiente direcci\u00f3n:\u00a0<a href=\"https:\/\/tools.google.com\/dlpage\/gaoptout?hl=fr\">https:\/\/tools.google.com\/dlpage\/gaoptout?hl=fr<\/a><\/p>\n<p>Para obtener m\u00e1s informaci\u00f3n sobre las cookies, tambi\u00e9n puede visitar la p\u00e1gina\u00a0<a href=\"https:\/\/www.cnil.fr\/fr\/cookies-traceurs-que-dit-la-loi\">CNIL<\/a>.<\/p>\t\t\t\t\t\t\t\t<\/div>\n\t\t\t\t<\/div>\n\t\t\t\t\t<\/div>\n\t\t\t\t<\/div>\n\t\t\t\t<\/div>","protected":false},"excerpt":{"rendered":"<p>Conform\u00e9ment aux dispositions des articles 6-III et 19 de la Loi n\u00b0 2004-575 du 21 juin 2004 pour la Confiance dans l\u2019\u00e9conomie num\u00e9rique, dite L.C.E.N., nous portons \u00e0 la connaissance des utilisateurs et visiteurs du site : https:\/\/gpsmonacogroup.com\/ les informations suivantes : Respect des donn\u00e9es \u00e0 caract\u00e8re personnel Conform\u00e9ment \u00e0 la r\u00e9glementation en vigueur, https:\/\/gpsmonacogroup.com\/\u00a0s\u2019engage [&hellip;]<\/p>\n","protected":false},"author":1,"featured_media":0,"parent":0,"menu_order":0,"comment_status":"closed","ping_status":"open","template":"","meta":{"_acf_changed":false,"inline_featured_image":false,"footnotes":""},"class_list":["post-3","page","type-page","status-publish","hentry"],"acf":[],"yoast_head":"<!-- This site is optimized with the Yoast SEO plugin v27.0 - https:\/\/yoast.com\/product\/yoast-seo-wordpress\/ -->\n<title>Politique de confidentialit\u00e9 - GPS Monaco Group<\/title>\n<meta name=\"robots\" content=\"index, follow, max-snippet:-1, max-image-preview:large, max-video-preview:-1\" \/>\n<link rel=\"canonical\" href=\"https:\/\/gpsmonacogroup.com\/es\/politique-de-confidentialite\/\" \/>\n<meta property=\"og:locale\" content=\"es_ES\" \/>\n<meta property=\"og:type\" content=\"article\" \/>\n<meta property=\"og:title\" content=\"Politique de confidentialit\u00e9 - GPS Monaco Group\" \/>\n<meta property=\"og:description\" content=\"Conform\u00e9ment aux dispositions des articles 6-III et 19 de la Loi n\u00b0 2004-575 du 21 juin 2004 pour la Confiance dans l\u2019\u00e9conomie num\u00e9rique, dite L.C.E.N., nous portons \u00e0 la connaissance des utilisateurs et visiteurs du site : https:\/\/gpsmonacogroup.com\/ les informations suivantes : Respect des donn\u00e9es \u00e0 caract\u00e8re personnel Conform\u00e9ment \u00e0 la r\u00e9glementation en vigueur, https:\/\/gpsmonacogroup.com\/\u00a0s\u2019engage [&hellip;]\" \/>\n<meta property=\"og:url\" content=\"https:\/\/gpsmonacogroup.com\/es\/politique-de-confidentialite\/\" \/>\n<meta property=\"og:site_name\" content=\"GPS Monaco Group\" \/>\n<meta property=\"article:modified_time\" content=\"2025-02-21T10:37:43+00:00\" \/>\n<meta name=\"twitter:card\" content=\"summary_large_image\" \/>\n<meta name=\"twitter:label1\" content=\"Tiempo de lectura\" \/>\n\t<meta name=\"twitter:data1\" content=\"6 minutos\" \/>\n<script type=\"application\/ld+json\" class=\"yoast-schema-graph\">{\"@context\":\"https:\/\/schema.org\",\"@graph\":[{\"@type\":\"WebPage\",\"@id\":\"https:\/\/gpsmonacogroup.com\/politique-de-confidentialite\/\",\"url\":\"https:\/\/gpsmonacogroup.com\/politique-de-confidentialite\/\",\"name\":\"Politique de confidentialit\u00e9 - GPS Monaco Group\",\"isPartOf\":{\"@id\":\"https:\/\/gpsmonacogroup.com\/it\/#website\"},\"datePublished\":\"2024-08-27T12:07:40+00:00\",\"dateModified\":\"2025-02-21T10:37:43+00:00\",\"breadcrumb\":{\"@id\":\"https:\/\/gpsmonacogroup.com\/politique-de-confidentialite\/#breadcrumb\"},\"inLanguage\":\"es\",\"potentialAction\":[{\"@type\":\"ReadAction\",\"target\":[\"https:\/\/gpsmonacogroup.com\/politique-de-confidentialite\/\"]}]},{\"@type\":\"BreadcrumbList\",\"@id\":\"https:\/\/gpsmonacogroup.com\/politique-de-confidentialite\/#breadcrumb\",\"itemListElement\":[{\"@type\":\"ListItem\",\"position\":1,\"name\":\"Accueil\",\"item\":\"https:\/\/gpsmonacogroup.com\/\"},{\"@type\":\"ListItem\",\"position\":2,\"name\":\"Politique de confidentialit\u00e9\"}]},{\"@type\":\"WebSite\",\"@id\":\"https:\/\/gpsmonacogroup.com\/it\/#website\",\"url\":\"https:\/\/gpsmonacogroup.com\/it\/\",\"name\":\"GPS Monaco Group\",\"description\":\"\",\"publisher\":{\"@id\":\"https:\/\/gpsmonacogroup.com\/it\/#organization\"},\"potentialAction\":[{\"@type\":\"SearchAction\",\"target\":{\"@type\":\"EntryPoint\",\"urlTemplate\":\"https:\/\/gpsmonacogroup.com\/it\/?s={search_term_string}\"},\"query-input\":{\"@type\":\"PropertyValueSpecification\",\"valueRequired\":true,\"valueName\":\"search_term_string\"}}],\"inLanguage\":\"es\"},{\"@type\":\"Organization\",\"@id\":\"https:\/\/gpsmonacogroup.com\/it\/#organization\",\"name\":\"GPS Monaco Group\",\"url\":\"https:\/\/gpsmonacogroup.com\/it\/\",\"logo\":{\"@type\":\"ImageObject\",\"inLanguage\":\"es\",\"@id\":\"https:\/\/gpsmonacogroup.com\/it\/#\/schema\/logo\/image\/\",\"url\":\"https:\/\/gpsmonacogroup.com\/wp-content\/uploads\/2024\/08\/logo-GPS-blanc.webp\",\"contentUrl\":\"https:\/\/gpsmonacogroup.com\/wp-content\/uploads\/2024\/08\/logo-GPS-blanc.webp\",\"width\":211,\"height\":125,\"caption\":\"GPS Monaco Group\"},\"image\":{\"@id\":\"https:\/\/gpsmonacogroup.com\/it\/#\/schema\/logo\/image\/\"}}]}<\/script>\n<!-- \/ Yoast SEO plugin. -->","yoast_head_json":{"title":"Pol\u00edtica de privacidad - Grupo GPS Monaco","robots":{"index":"index","follow":"follow","max-snippet":"max-snippet:-1","max-image-preview":"max-image-preview:large","max-video-preview":"max-video-preview:-1"},"canonical":"https:\/\/gpsmonacogroup.com\/es\/politique-de-confidentialite\/","og_locale":"es_ES","og_type":"article","og_title":"Politique de confidentialit\u00e9 - GPS Monaco Group","og_description":"Conform\u00e9ment aux dispositions des articles 6-III et 19 de la Loi n\u00b0 2004-575 du 21 juin 2004 pour la Confiance dans l\u2019\u00e9conomie num\u00e9rique, dite L.C.E.N., nous portons \u00e0 la connaissance des utilisateurs et visiteurs du site : https:\/\/gpsmonacogroup.com\/ les informations suivantes : Respect des donn\u00e9es \u00e0 caract\u00e8re personnel Conform\u00e9ment \u00e0 la r\u00e9glementation en vigueur, https:\/\/gpsmonacogroup.com\/\u00a0s\u2019engage [&hellip;]","og_url":"https:\/\/gpsmonacogroup.com\/es\/politique-de-confidentialite\/","og_site_name":"GPS Monaco Group","article_modified_time":"2025-02-21T10:37:43+00:00","twitter_card":"summary_large_image","twitter_misc":{"Tiempo de lectura":"6 minutos"},"schema":{"@context":"https:\/\/schema.org","@graph":[{"@type":"WebPage","@id":"https:\/\/gpsmonacogroup.com\/politique-de-confidentialite\/","url":"https:\/\/gpsmonacogroup.com\/politique-de-confidentialite\/","name":"Pol\u00edtica de privacidad - Grupo GPS Monaco","isPartOf":{"@id":"https:\/\/gpsmonacogroup.com\/it\/#website"},"datePublished":"2024-08-27T12:07:40+00:00","dateModified":"2025-02-21T10:37:43+00:00","breadcrumb":{"@id":"https:\/\/gpsmonacogroup.com\/politique-de-confidentialite\/#breadcrumb"},"inLanguage":"es","potentialAction":[{"@type":"ReadAction","target":["https:\/\/gpsmonacogroup.com\/politique-de-confidentialite\/"]}]},{"@type":"BreadcrumbList","@id":"https:\/\/gpsmonacogroup.com\/politique-de-confidentialite\/#breadcrumb","itemListElement":[{"@type":"ListItem","position":1,"name":"Accueil","item":"https:\/\/gpsmonacogroup.com\/"},{"@type":"ListItem","position":2,"name":"Politique de confidentialit\u00e9"}]},{"@type":"WebSite","@id":"https:\/\/gpsmonacogroup.com\/it\/#website","url":"https:\/\/gpsmonacogroup.com\/it\/","name":"Grupo GPS M\u00f3naco","description":"","publisher":{"@id":"https:\/\/gpsmonacogroup.com\/it\/#organization"},"potentialAction":[{"@type":"SearchAction","target":{"@type":"EntryPoint","urlTemplate":"https:\/\/gpsmonacogroup.com\/it\/?s={search_term_string}"},"query-input":{"@type":"PropertyValueSpecification","valueRequired":true,"valueName":"search_term_string"}}],"inLanguage":"es"},{"@type":"Organization","@id":"https:\/\/gpsmonacogroup.com\/it\/#organization","name":"Grupo GPS M\u00f3naco","url":"https:\/\/gpsmonacogroup.com\/it\/","logo":{"@type":"ImageObject","inLanguage":"es","@id":"https:\/\/gpsmonacogroup.com\/it\/#\/schema\/logo\/image\/","url":"https:\/\/gpsmonacogroup.com\/wp-content\/uploads\/2024\/08\/logo-GPS-blanc.webp","contentUrl":"https:\/\/gpsmonacogroup.com\/wp-content\/uploads\/2024\/08\/logo-GPS-blanc.webp","width":211,"height":125,"caption":"GPS Monaco Group"},"image":{"@id":"https:\/\/gpsmonacogroup.com\/it\/#\/schema\/logo\/image\/"}}]}},"_links":{"self":[{"href":"https:\/\/gpsmonacogroup.com\/es\/wp-json\/wp\/v2\/pages\/3","targetHints":{"allow":["GET"]}}],"collection":[{"href":"https:\/\/gpsmonacogroup.com\/es\/wp-json\/wp\/v2\/pages"}],"about":[{"href":"https:\/\/gpsmonacogroup.com\/es\/wp-json\/wp\/v2\/types\/page"}],"author":[{"embeddable":true,"href":"https:\/\/gpsmonacogroup.com\/es\/wp-json\/wp\/v2\/users\/1"}],"replies":[{"embeddable":true,"href":"https:\/\/gpsmonacogroup.com\/es\/wp-json\/wp\/v2\/comments?post=3"}],"version-history":[{"count":7,"href":"https:\/\/gpsmonacogroup.com\/es\/wp-json\/wp\/v2\/pages\/3\/revisions"}],"predecessor-version":[{"id":6120,"href":"https:\/\/gpsmonacogroup.com\/es\/wp-json\/wp\/v2\/pages\/3\/revisions\/6120"}],"wp:attachment":[{"href":"https:\/\/gpsmonacogroup.com\/es\/wp-json\/wp\/v2\/media?parent=3"}],"curies":[{"name":"wp","href":"https:\/\/api.w.org\/{rel}","templated":true}]}}