{"id":6040,"date":"2024-11-08T14:29:50","date_gmt":"2024-11-08T13:29:50","guid":{"rendered":"https:\/\/gpsmonacogroup.com\/?page_id=6040"},"modified":"2025-02-21T11:37:19","modified_gmt":"2025-02-21T10:37:19","slug":"mentions-legales","status":"publish","type":"page","link":"https:\/\/gpsmonacogroup.com\/de\/mentions-legales\/","title":{"rendered":"Rechtliche Hinweise"},"content":{"rendered":"<div data-elementor-type=\"wp-page\" data-elementor-id=\"6040\" class=\"elementor elementor-6040\" data-elementor-post-type=\"page\">\n\t\t\t\t<div class=\"elementor-element elementor-element-41378db e-flex e-con-boxed e-con e-parent\" data-id=\"41378db\" data-element_type=\"container\" data-e-type=\"container\">\n\t\t\t\t\t<div class=\"e-con-inner\">\n\t\t\t\t<div class=\"elementor-element elementor-element-bb43f0c elementor-widget elementor-widget-heading\" data-id=\"bb43f0c\" data-element_type=\"widget\" data-e-type=\"widget\" data-widget_type=\"heading.default\">\n\t\t\t\t<div class=\"elementor-widget-container\">\n\t\t\t\t\t<h1 class=\"elementor-heading-title elementor-size-default\">Rechtliche Hinweise<\/h1>\t\t\t\t<\/div>\n\t\t\t\t<\/div>\n\t\t\t\t<div class=\"elementor-element elementor-element-64c09a88 elementor-widget elementor-widget-text-editor\" data-id=\"64c09a88\" data-element_type=\"widget\" data-e-type=\"widget\" data-widget_type=\"text-editor.default\">\n\t\t\t\t<div class=\"elementor-widget-container\">\n\t\t\t\t\t\t\t\t\t\n<h2 class=\"wp-block-heading\">Ver\u00f6ffentlichung<\/h2>\n\n<p>Diese Website ist Eigentum von GPS Monaco Group SAM, einem Unternehmen mit einem Stammkapital von 150.000 Euro.\u00a0<\/p>\n<p>Global Procurement Solution GPS MONACO GROUP SAM<br \/><strong>Le Triton-Geb\u00e4ude<br \/>5 Rue du Gabian - 5. Stock<br \/>98000 Monaco<\/strong><br \/><a href=\"http:\/\/www.gps-group.fr\/\">www.gpsmonacogroup.com<br \/><\/a><a href=\"mailto:contact@gpsmonacogroup.com\">contact@gpsmonacogroup.com<\/a><\/p>\n<p>KBIS-NUMMER: 17S07563 \/ TVA-NUMMER: FR39000132026<\/p>\n<p>Ort der Eintragung: Monaco<\/p>\n<p>Diese Website wurde von der Marketingabteilung der GPS Monaco Group SAM unter der Leitung von Frau Marjorie BARIN erstellt und von Tack-Tack (<a href=\"https:\/\/www.tack-tack.fr\">https:\/\/www.tack-tack.fr<\/a>).<\/p>\n\n<h2 class=\"wp-block-heading\">Hosting der Seite<\/h2>\n\n<p>Diese Website wird gehostet von <strong>Amazon Web Services (AWS).<\/strong><\/p>\n<p>Amazon Web Services, Inc.<br \/>410 Terry Avenue North, Seattle, WA 98109-5210, USA.<br \/>+1 206-266-1000<\/p>\n\n<p><strong>Rechte an geistigem Eigentum<br \/><\/strong><strong><br \/><\/strong>Die Website ist durch geistige Eigentumsrechte gesch\u00fctzt und das alleinige Eigentum von GPS Monaco Group SAM. Das Design, die Grafiken, der Inhalt und die Organisation dieser Website sind Originalwerke und das alleinige Eigentum von GPS Monaco Group SAM.<\/p>\n<p>Jede vollst\u00e4ndige oder teilweise Vervielf\u00e4ltigung oder Abmarkung, die ohne die Zustimmung des Autors, seiner Rechtsnachfolger oder seiner Rechtsnachfolger erfolgt, ist rechtswidrig. Dasselbe gilt f\u00fcr \u00dcbersetzungen, Adaptionen und Arrangements jeglicher Art (Gesetz Nr. 57298 vom 11. M\u00e4rz 1957).<\/p>\n<p><strong>Hyperlinks zu Websites Dritter<br \/><\/strong><strong><br \/><\/strong>Die Gesellschaft GPS Monaco Group SAM \u00fcbt keine Kontrolle \u00fcber den Inhalt der Websites Dritter aus. Die Existenz eines Hypertext-Links zwischen der Website der Gesellschaft GPS Monaco Group SAM und einer Website Dritter bedeutet in keiner Weise, dass die GPS Monaco Group SAM den Inhalt der Website Dritter kontrolliert.<\/p>\n<p><strong>Befreiung von der Haftung<br \/><\/strong><strong><br \/><\/strong>Es obliegt dem Nutzer dieser Website, geeignete Ma\u00dfnahmen zu ergreifen, um seine eigenen Daten und\/oder Software vor einer Kontamination durch m\u00f6gliche Viren zu sch\u00fctzen, die im Internet zirkulieren.<\/p>\n<p><strong>\u00c4nderung der Seite<br \/><\/strong><strong><br \/><\/strong>Die Gesellschaft GPS Monaco Group SAM beh\u00e4lt sich das Recht vor, den Inhalt dieser Website sowie diesen rechtlichen Hinweis jederzeit und ohne Vorank\u00fcndigung zu \u00e4ndern oder zu korrigieren.<\/p>\t\t\t\t\t\t\t\t<\/div>\n\t\t\t\t<\/div>\n\t\t\t\t\t<\/div>\n\t\t\t\t<\/div>\n\t\t\t\t<\/div>","protected":false},"excerpt":{"rendered":"<p>Publication Le pr\u00e9sent site est d\u00e9tenu par GPS Monaco Group SAM, entreprise au capital social de 150 000 euros.\u00a0 Global Procurement Solution GPS MONACO GROUP SAMB\u00e2timent Le Triton5 Rue du Gabian \u2013 5e \u00e9tage98000 Monacowww.gpsmonacogroup.comcontact@gpsmonacogroup.com N\u00b0 KBIS : 17S07563 \/ N\u00b0 TVA : FR39000132026 Lieu d&rsquo;enregistrement : Monaco Le pr\u00e9sent site a \u00e9t\u00e9 r\u00e9alis\u00e9 par [&hellip;]<\/p>\n","protected":false},"author":1,"featured_media":0,"parent":0,"menu_order":0,"comment_status":"closed","ping_status":"open","template":"","meta":{"_acf_changed":false,"inline_featured_image":false,"footnotes":""},"class_list":["post-6040","page","type-page","status-publish","hentry"],"acf":[],"yoast_head":"<!-- This site is optimized with the Yoast SEO plugin v27.0 - https:\/\/yoast.com\/product\/yoast-seo-wordpress\/ -->\n<title>Mentions l\u00e9gales - GPS Monaco Group<\/title>\n<meta name=\"robots\" content=\"index, follow, max-snippet:-1, max-image-preview:large, max-video-preview:-1\" \/>\n<link rel=\"canonical\" href=\"https:\/\/gpsmonacogroup.com\/de\/mentions-legales\/\" \/>\n<meta property=\"og:locale\" content=\"de_DE\" \/>\n<meta property=\"og:type\" content=\"article\" \/>\n<meta property=\"og:title\" content=\"Mentions l\u00e9gales - GPS Monaco Group\" \/>\n<meta property=\"og:description\" content=\"Publication Le pr\u00e9sent site est d\u00e9tenu par GPS Monaco Group SAM, entreprise au capital social de 150 000 euros.\u00a0 Global Procurement Solution GPS MONACO GROUP SAMB\u00e2timent Le Triton5 Rue du Gabian \u2013 5e \u00e9tage98000 Monacowww.gpsmonacogroup.comcontact@gpsmonacogroup.com N\u00b0 KBIS : 17S07563 \/ N\u00b0 TVA : FR39000132026 Lieu d&rsquo;enregistrement : Monaco Le pr\u00e9sent site a \u00e9t\u00e9 r\u00e9alis\u00e9 par [&hellip;]\" \/>\n<meta property=\"og:url\" content=\"https:\/\/gpsmonacogroup.com\/de\/mentions-legales\/\" \/>\n<meta property=\"og:site_name\" content=\"GPS Monaco Group\" \/>\n<meta property=\"article:modified_time\" content=\"2025-02-21T10:37:19+00:00\" \/>\n<meta name=\"twitter:card\" content=\"summary_large_image\" \/>\n<meta name=\"twitter:label1\" content=\"Gesch\u00e4tzte Lesezeit\" \/>\n\t<meta name=\"twitter:data1\" content=\"2\u00a0Minuten\" \/>\n<script type=\"application\/ld+json\" class=\"yoast-schema-graph\">{\"@context\":\"https:\/\/schema.org\",\"@graph\":[{\"@type\":\"WebPage\",\"@id\":\"https:\/\/gpsmonacogroup.com\/mentions-legales\/\",\"url\":\"https:\/\/gpsmonacogroup.com\/mentions-legales\/\",\"name\":\"Mentions l\u00e9gales - GPS Monaco Group\",\"isPartOf\":{\"@id\":\"https:\/\/gpsmonacogroup.com\/it\/#website\"},\"datePublished\":\"2024-11-08T13:29:50+00:00\",\"dateModified\":\"2025-02-21T10:37:19+00:00\",\"breadcrumb\":{\"@id\":\"https:\/\/gpsmonacogroup.com\/mentions-legales\/#breadcrumb\"},\"inLanguage\":\"de\",\"potentialAction\":[{\"@type\":\"ReadAction\",\"target\":[\"https:\/\/gpsmonacogroup.com\/mentions-legales\/\"]}]},{\"@type\":\"BreadcrumbList\",\"@id\":\"https:\/\/gpsmonacogroup.com\/mentions-legales\/#breadcrumb\",\"itemListElement\":[{\"@type\":\"ListItem\",\"position\":1,\"name\":\"Accueil\",\"item\":\"https:\/\/gpsmonacogroup.com\/\"},{\"@type\":\"ListItem\",\"position\":2,\"name\":\"Mentions l\u00e9gales\"}]},{\"@type\":\"WebSite\",\"@id\":\"https:\/\/gpsmonacogroup.com\/it\/#website\",\"url\":\"https:\/\/gpsmonacogroup.com\/it\/\",\"name\":\"GPS Monaco Group\",\"description\":\"\",\"publisher\":{\"@id\":\"https:\/\/gpsmonacogroup.com\/it\/#organization\"},\"potentialAction\":[{\"@type\":\"SearchAction\",\"target\":{\"@type\":\"EntryPoint\",\"urlTemplate\":\"https:\/\/gpsmonacogroup.com\/it\/?s={search_term_string}\"},\"query-input\":{\"@type\":\"PropertyValueSpecification\",\"valueRequired\":true,\"valueName\":\"search_term_string\"}}],\"inLanguage\":\"de\"},{\"@type\":\"Organization\",\"@id\":\"https:\/\/gpsmonacogroup.com\/it\/#organization\",\"name\":\"GPS Monaco Group\",\"url\":\"https:\/\/gpsmonacogroup.com\/it\/\",\"logo\":{\"@type\":\"ImageObject\",\"inLanguage\":\"de\",\"@id\":\"https:\/\/gpsmonacogroup.com\/it\/#\/schema\/logo\/image\/\",\"url\":\"https:\/\/gpsmonacogroup.com\/wp-content\/uploads\/2024\/08\/logo-GPS-blanc.webp\",\"contentUrl\":\"https:\/\/gpsmonacogroup.com\/wp-content\/uploads\/2024\/08\/logo-GPS-blanc.webp\",\"width\":211,\"height\":125,\"caption\":\"GPS Monaco Group\"},\"image\":{\"@id\":\"https:\/\/gpsmonacogroup.com\/it\/#\/schema\/logo\/image\/\"}}]}<\/script>\n<!-- \/ Yoast SEO plugin. -->","yoast_head_json":{"title":"Mentions l\u00e9gales - GPS Monaco Group","robots":{"index":"index","follow":"follow","max-snippet":"max-snippet:-1","max-image-preview":"max-image-preview:large","max-video-preview":"max-video-preview:-1"},"canonical":"https:\/\/gpsmonacogroup.com\/de\/mentions-legales\/","og_locale":"de_DE","og_type":"article","og_title":"Mentions l\u00e9gales - GPS Monaco Group","og_description":"Publication Le pr\u00e9sent site est d\u00e9tenu par GPS Monaco Group SAM, entreprise au capital social de 150 000 euros.\u00a0 Global Procurement Solution GPS MONACO GROUP SAMB\u00e2timent Le Triton5 Rue du Gabian \u2013 5e \u00e9tage98000 Monacowww.gpsmonacogroup.comcontact@gpsmonacogroup.com N\u00b0 KBIS : 17S07563 \/ N\u00b0 TVA : FR39000132026 Lieu d&rsquo;enregistrement : Monaco Le pr\u00e9sent site a \u00e9t\u00e9 r\u00e9alis\u00e9 par [&hellip;]","og_url":"https:\/\/gpsmonacogroup.com\/de\/mentions-legales\/","og_site_name":"GPS Monaco Group","article_modified_time":"2025-02-21T10:37:19+00:00","twitter_card":"summary_large_image","twitter_misc":{"Gesch\u00e4tzte Lesezeit":"2\u00a0Minuten"},"schema":{"@context":"https:\/\/schema.org","@graph":[{"@type":"WebPage","@id":"https:\/\/gpsmonacogroup.com\/mentions-legales\/","url":"https:\/\/gpsmonacogroup.com\/mentions-legales\/","name":"Mentions l\u00e9gales - GPS Monaco Group","isPartOf":{"@id":"https:\/\/gpsmonacogroup.com\/it\/#website"},"datePublished":"2024-11-08T13:29:50+00:00","dateModified":"2025-02-21T10:37:19+00:00","breadcrumb":{"@id":"https:\/\/gpsmonacogroup.com\/mentions-legales\/#breadcrumb"},"inLanguage":"de","potentialAction":[{"@type":"ReadAction","target":["https:\/\/gpsmonacogroup.com\/mentions-legales\/"]}]},{"@type":"BreadcrumbList","@id":"https:\/\/gpsmonacogroup.com\/mentions-legales\/#breadcrumb","itemListElement":[{"@type":"ListItem","position":1,"name":"Accueil","item":"https:\/\/gpsmonacogroup.com\/"},{"@type":"ListItem","position":2,"name":"Mentions l\u00e9gales"}]},{"@type":"WebSite","@id":"https:\/\/gpsmonacogroup.com\/it\/#website","url":"https:\/\/gpsmonacogroup.com\/it\/","name":"GPS Monaco Group","description":"","publisher":{"@id":"https:\/\/gpsmonacogroup.com\/it\/#organization"},"potentialAction":[{"@type":"SearchAction","target":{"@type":"EntryPoint","urlTemplate":"https:\/\/gpsmonacogroup.com\/it\/?s={search_term_string}"},"query-input":{"@type":"PropertyValueSpecification","valueRequired":true,"valueName":"search_term_string"}}],"inLanguage":"de"},{"@type":"Organization","@id":"https:\/\/gpsmonacogroup.com\/it\/#organization","name":"GPS Monaco Group","url":"https:\/\/gpsmonacogroup.com\/it\/","logo":{"@type":"ImageObject","inLanguage":"de","@id":"https:\/\/gpsmonacogroup.com\/it\/#\/schema\/logo\/image\/","url":"https:\/\/gpsmonacogroup.com\/wp-content\/uploads\/2024\/08\/logo-GPS-blanc.webp","contentUrl":"https:\/\/gpsmonacogroup.com\/wp-content\/uploads\/2024\/08\/logo-GPS-blanc.webp","width":211,"height":125,"caption":"GPS Monaco Group"},"image":{"@id":"https:\/\/gpsmonacogroup.com\/it\/#\/schema\/logo\/image\/"}}]}},"_links":{"self":[{"href":"https:\/\/gpsmonacogroup.com\/de\/wp-json\/wp\/v2\/pages\/6040","targetHints":{"allow":["GET"]}}],"collection":[{"href":"https:\/\/gpsmonacogroup.com\/de\/wp-json\/wp\/v2\/pages"}],"about":[{"href":"https:\/\/gpsmonacogroup.com\/de\/wp-json\/wp\/v2\/types\/page"}],"author":[{"embeddable":true,"href":"https:\/\/gpsmonacogroup.com\/de\/wp-json\/wp\/v2\/users\/1"}],"replies":[{"embeddable":true,"href":"https:\/\/gpsmonacogroup.com\/de\/wp-json\/wp\/v2\/comments?post=6040"}],"version-history":[{"count":28,"href":"https:\/\/gpsmonacogroup.com\/de\/wp-json\/wp\/v2\/pages\/6040\/revisions"}],"predecessor-version":[{"id":6306,"href":"https:\/\/gpsmonacogroup.com\/de\/wp-json\/wp\/v2\/pages\/6040\/revisions\/6306"}],"wp:attachment":[{"href":"https:\/\/gpsmonacogroup.com\/de\/wp-json\/wp\/v2\/media?parent=6040"}],"curies":[{"name":"wp","href":"https:\/\/api.w.org\/{rel}","templated":true}]}}