{"id":3,"date":"2024-08-27T14:07:40","date_gmt":"2024-08-27T12:07:40","guid":{"rendered":"http:\/\/gpsmonaco.test\/?page_id=3"},"modified":"2025-02-21T11:37:43","modified_gmt":"2025-02-21T10:37:43","slug":"politique-de-confidentialite","status":"publish","type":"page","link":"https:\/\/gpsmonacogroup.com\/de\/politique-de-confidentialite\/","title":{"rendered":"Datenschutzrichtlinie"},"content":{"rendered":"<div data-elementor-type=\"wp-page\" data-elementor-id=\"3\" class=\"elementor elementor-3\" data-elementor-post-type=\"page\">\n\t\t\t\t<div class=\"elementor-element elementor-element-41378db e-flex e-con-boxed e-con e-parent\" data-id=\"41378db\" data-element_type=\"container\" data-e-type=\"container\">\n\t\t\t\t\t<div class=\"e-con-inner\">\n\t\t\t\t<div class=\"elementor-element elementor-element-bb43f0c elementor-widget elementor-widget-heading\" data-id=\"bb43f0c\" data-element_type=\"widget\" data-e-type=\"widget\" data-widget_type=\"heading.default\">\n\t\t\t\t<div class=\"elementor-widget-container\">\n\t\t\t\t\t<h1 class=\"elementor-heading-title elementor-size-default\">Datenschutzrichtlinie<\/h1>\t\t\t\t<\/div>\n\t\t\t\t<\/div>\n\t\t\t\t<div class=\"elementor-element elementor-element-64c09a88 elementor-widget elementor-widget-text-editor\" data-id=\"64c09a88\" data-element_type=\"widget\" data-e-type=\"widget\" data-widget_type=\"text-editor.default\">\n\t\t\t\t<div class=\"elementor-widget-container\">\n\t\t\t\t\t\t\t\t\t\n<p class=\"fusion-responsive-typography-calculated\" data-fontsize=\"18\" data-lineheight=\"30.059999px\">Gem\u00e4\u00df den Bestimmungen der Artikel 6-III und 19 des Gesetzes Nr. 2004-575 vom 21. Juni 2004 \u00fcber das Vertrauen in die digitale Wirtschaft, auch L.C.E.N. genannt, bringen wir den Nutzern und Besuchern der Website: https:\/\/gpsmonacogroup.com\/ folgende Informationen zur Kenntnis:<\/p>\n\n<h2 class=\"wp-block-heading\">Respekt f\u00fcr personenbezogene Daten<\/h2>\n\n<p>In \u00dcbereinstimmung mit den geltenden Vorschriften verpflichtet sich https:\/\/gpsmonacogroup.com\/, die gesammelten und verarbeiteten personenbezogenen Daten seiner Nutzer zu sch\u00fctzen und Sie \u00fcber die Verwendung von Cookies der Nutzer seiner Website zu informieren.<\/p>\n\n<h2 class=\"fusion-responsive-typography-calculated wp-block-heading\" data-fontsize=\"17\" data-lineheight=\"23.969999px\">Was sind personenbezogene Daten?<\/h2>\n\n<p>Personenbezogene Daten\" sind alle Informationen \u00fcber Sie als nat\u00fcrliche Person, die Sie uns freiwillig zur Verf\u00fcgung stellen oder die wir im Rahmen Ihres Surfens sammeln und die es erm\u00f6glichen, Sie direkt oder indirekt zu identifizieren.<\/p>\n\n<h2 class=\"fusion-responsive-typography-calculated wp-block-heading\" data-fontsize=\"17\" data-lineheight=\"23.969999px\">Auf welchen Medien und wie lange werden diese personenbezogenen Daten gespeichert?<\/h2>\n\n<p>Personenbezogene Daten werden auf Papier oder Computer f\u00fcr die Dauer aufbewahrt, die f\u00fcr die Zwecke, f\u00fcr die sie gesammelt wurden, erforderlich ist, oder f\u00fcr die Dauer der gesetzlichen Aufbewahrungsfristen, d. h. f\u00fcr drei Jahre ab dem letzten Kontakt mit der Person.\u00a0<a href=\"https:\/\/www.cnil.fr\/fr\/limiter-la-conservation-des-donnees\">Die CNIL empfiehlt<\/a>\u00a0: \"dass die Kontaktdaten eines potenziellen Kunden, der drei Jahre lang nicht auf eine Anfrage reagiert, gel\u00f6scht werden\". Personenbezogene Daten werden nur so lange aufbewahrt und zug\u00e4nglich gemacht, wie es f\u00fcr die Erf\u00fcllung des Zwecks, der mit ihrer Erhebung verfolgt wurde, erforderlich ist.<\/p>\n\n<h2 class=\"fusion-responsive-typography-calculated wp-block-heading\" data-fontsize=\"17\" data-lineheight=\"23.969999px\">Welche Rechte haben Personen, deren Daten GPS Monaco Group sammelt, und wie k\u00f6nnen diese Rechte ausge\u00fcbt werden?<\/h2>\n\n<p>Die<a href=\"https:\/\/www.cnil.fr\/fr\/comprendre-le-rgpd\">\u00a0Europ\u00e4ische Datenschutzverordnung (EU-DSGVO)<\/a>\u00a0und das ge\u00e4nderte Loi Informatique et Libert\u00e9s geben Personen bestimmte Rechte \u00fcber ihre Daten.<\/p>\n<p>Bei jeder Verarbeitung personenbezogener Daten, die sie betreffen, kann jede Person die folgenden Rechte aus\u00fcben:<\/p>\n<ul>\n<li>Recht auf Zugang: Jeder hat das Recht, eine Kopie der personenbezogenen Daten zu erhalten, die GPS Monaco Group \u00fcber ihn speichert und verarbeitet ;<\/li>\n<li>Recht auf Berichtigung: Jeder hat das Recht, die personenbezogenen Daten, die GPS Monaco Group \u00fcber ihn speichert, zu berichtigen, wenn sie unrichtig sind;<\/li>\n<li>Recht, eine\u00a0<a href=\"https:\/\/www.cnil.fr\/fr\/plaintes\">Beschwerde bei der CNIL<\/a>\u00a0: Jeder hat das Recht, bei der CNIL eine Beschwerde einzureichen, wenn er Bedenken hinsichtlich der Art und Weise hat, wie die GPS Monaco Group seine personenbezogenen Daten verarbeitet.<\/li>\n<\/ul>\n\n<h2 class=\"fusion-responsive-typography-calculated wp-block-heading\" data-fontsize=\"17\" data-lineheight=\"23.969999px\">Zu welchen Zwecken werden diese personenbezogenen Daten verarbeitet?<\/h2>\n\n<p>Wir verarbeiten die personenbezogenen Daten der Nutzer aus folgenden Gr\u00fcnden:<\/p>\n<ul>\n<li>Beantwortung von Anfragen zur Kontaktaufnahme, die \u00fcber das<u>\u00a0Kontaktformular<\/u>.<\/li>\n<li>Er\u00f6ffnung eines Zugangs auf der Plattform Dealpulse<\/li>\n<li>Beantwortung von Fragen, die \u00fcber Outlook gestellt wurden<\/li>\n<\/ul>\n\n<h2 class=\"fusion-responsive-typography-calculated wp-block-heading\" data-fontsize=\"17\" data-lineheight=\"23.969999px\">Welche Rechtsgrundlagen erlauben es GPS Monaco Group, diese personenbezogenen Daten zu verarbeiten?<\/h2>\n\n<p>Wir verarbeiten diese personenbezogenen Daten auf der Grundlage von :<\/p>\n<ul>\n<li>Die Verarbeitung ist f\u00fcr die Erf\u00fcllung eines Vertrags, dessen Vertragspartei die betroffene Person ist, oder f\u00fcr die Durchf\u00fchrung vorvertraglicher Ma\u00dfnahmen erforderlich, die auf Antrag der betroffenen Person ergriffen werden.<\/li>\n<li>Die Verarbeitung ist f\u00fcr die legitimen Interessen der GPS Monaco Group erforderlich.<\/li>\n<li>Der vorherigen Zustimmung der Personen, Antworten auf ihre Anfragen elektronisch zu versenden.<\/li>\n<li>Die Einrichtung eines privaten Zugangs zur digitalen Online-Beratungsplattform.<\/li>\n<\/ul>\n\n<h2 class=\"fusion-responsive-typography-calculated wp-block-heading\" data-fontsize=\"17\" data-lineheight=\"23.969999px\">Mit wem werden diese personenbezogenen Daten geteilt?<\/h2>\n\n<p>Der Zugang zu personenbezogenen Daten ist ausschlie\u00dflich auf Patrick Bogaerts, sein Verkaufs- und Marketingteam beschr\u00e4nkt.<\/p>\n<p>Sie sind f\u00fcr die Herausforderungen des Datenschutzes sensibilisiert und geschult.<\/p>\n<ul>\n<li>Subunternehmer<\/li>\n<\/ul>\n<p>Wir hosten personenbezogene Daten bei einem Datenhoster, der die geltenden Gesetze einh\u00e4lt, und teilen diese Daten auch mit Auftragsverarbeitern, die in unserem Auftrag handeln.<\/p>\n<p>Wenn der Unterauftragsverarbeiter jedoch Zugang zu personenbezogenen Daten hat, halten sie sich an die geltenden Gesetze zum Schutz personenbezogener Daten und an diesen Informationshinweis.<\/p>\n<ul>\n<li>Gesetzliche Verpflichtungen<\/li>\n<\/ul>\n<p><br \/>Diese personenbezogenen Daten werden ohne vorherige Zustimmung der betroffenen Person nicht an Dritte weitergegeben, au\u00dfer in Ausnahmef\u00e4llen, wenn das Gesetz oder staatliche Beh\u00f6rden wie die Commission Nationale Informatique et Libert\u00e9s (CNIL) oder die zust\u00e4ndigen Justizorgane dies verlangen.<\/p>\n\n<h2 class=\"fusion-responsive-typography-calculated wp-block-heading\" data-fontsize=\"17\" data-lineheight=\"23.969999px\">Richtlinien f\u00fcr den Umgang mit COOKIES<\/h2>\n\n<p class=\"fusion-responsive-typography-calculated\" data-fontsize=\"17\" data-lineheight=\"23.969999px\"><strong>Was ist ein Cookie?<\/strong><\/p>\n\n<p>Ihr Internetbrowser verf\u00fcgt \u00fcber eine Funktion namens \"Cookies\". Ein Cookie ist das \u00c4quivalent einer kleinen Textdatei, die auf Ihrem Endger\u00e4t gespeichert wird. Er erm\u00f6glicht es, w\u00e4hrend der G\u00fcltigkeitsdauer des jeweiligen Cookies Statusinformationen zu speichern, wenn ein Browser auf die verschiedenen Seiten einer Website zugreift oder wenn dieser Browser zu einem sp\u00e4teren Zeitpunkt zu dieser Website zur\u00fcckkehrt.<br \/><br \/><\/p>\n<p class=\"fusion-responsive-typography-calculated\" data-fontsize=\"17\" data-lineheight=\"23.969999px\"><strong>Wie verwenden wir Cookies?<\/strong><\/p>\n<p>Wenn Sie unsere Website besuchen, k\u00f6nnen wir entsprechend Ihrer durch die Einstellungen Ihres Browsers zum Ausdruck gebrachten Wahl Cookies auf der Festplatte Ihres Computers installieren oder nicht. Wir k\u00f6nnen die von uns gesetzten Cookies w\u00e4hrend der G\u00fcltigkeitsdauer jedes Cookies (maximal 13 Monate: nach Ablauf dieser Frist wird die Zustimmung erneut eingeholt) oder bis Sie das Cookie l\u00f6schen, lesen.<\/p>\n<p>Wir verwenden Cookies f\u00fcr die folgenden Zwecke auf unserer Website:<\/p>\n<ul>\n<li>Funktionale und technische Cookies: Um Ihnen die Navigation zu erleichtern und die korrekte Anzeige unserer Internetseiten zu erm\u00f6glichen (Sitzungscookies),<\/li>\n<li>Statistische Cookies: Um die Leistung unserer Website anhand anonymer Informationen \u00fcber Ihr Surfverhalten zu analysieren (z. B. Seitenaufrufe, Anzahl der Besuche...). Wir verwenden dazu das Analysetool \"Google Analytics\".<\/li>\n<\/ul>\n<p>Diese Cookies erm\u00f6glichen es uns daher, unsere Website und unsere Produkte durch die Analyse statistischer und anonymer Daten zu verbessern.<\/p>\n<p>Wichtiger Hinweis : Die von uns verwendeten Cookies erm\u00f6glichen es uns nicht, Sie pers\u00f6nlich zu identifizieren.<br \/><br \/><strong>Kann ich die Speicherung von Cookies ablehnen?<br \/><br \/><\/strong>Sie k\u00f6nnen die Speicherung dieser \"Cookies\" verhindern, indem Sie auf den folgenden Link klicken oder im Einzelfall die Einstellungen Ihres Browsers anpassen.<\/p>\n<p>Wir weisen Sie jedoch darauf hin, dass einige Funktionen der Website m\u00f6glicherweise nicht zug\u00e4nglich sind, wenn Sie sich daf\u00fcr entscheiden, jegliche Art von Cookies abzulehnen.<\/p>\n<p>Sie k\u00f6nnen die im Zusammenhang mit der Verwendung von Google Analytics gesetzten Cookies auch deaktivieren, indem Sie das von Google bereitgestellte Add-on unter der folgenden Adresse installieren:\u00a0<a href=\"https:\/\/tools.google.com\/dlpage\/gaoptout?hl=fr\">https:\/\/tools.google.com\/dlpage\/gaoptout?hl=fr<\/a><\/p>\n<p>Weitere Informationen \u00fcber Cookies finden Sie auch in der\u00a0<a href=\"https:\/\/www.cnil.fr\/fr\/cookies-traceurs-que-dit-la-loi\">CNIL<\/a>.<\/p>\t\t\t\t\t\t\t\t<\/div>\n\t\t\t\t<\/div>\n\t\t\t\t\t<\/div>\n\t\t\t\t<\/div>\n\t\t\t\t<\/div>","protected":false},"excerpt":{"rendered":"<p>Conform\u00e9ment aux dispositions des articles 6-III et 19 de la Loi n\u00b0 2004-575 du 21 juin 2004 pour la Confiance dans l\u2019\u00e9conomie num\u00e9rique, dite L.C.E.N., nous portons \u00e0 la connaissance des utilisateurs et visiteurs du site : https:\/\/gpsmonacogroup.com\/ les informations suivantes : Respect des donn\u00e9es \u00e0 caract\u00e8re personnel Conform\u00e9ment \u00e0 la r\u00e9glementation en vigueur, https:\/\/gpsmonacogroup.com\/\u00a0s\u2019engage [&hellip;]<\/p>\n","protected":false},"author":1,"featured_media":0,"parent":0,"menu_order":0,"comment_status":"closed","ping_status":"open","template":"","meta":{"_acf_changed":false,"inline_featured_image":false,"footnotes":""},"class_list":["post-3","page","type-page","status-publish","hentry"],"acf":[],"yoast_head":"<!-- This site is optimized with the Yoast SEO plugin v27.0 - https:\/\/yoast.com\/product\/yoast-seo-wordpress\/ -->\n<title>Politique de confidentialit\u00e9 - GPS Monaco Group<\/title>\n<meta name=\"robots\" content=\"index, follow, max-snippet:-1, max-image-preview:large, max-video-preview:-1\" \/>\n<link rel=\"canonical\" href=\"https:\/\/gpsmonacogroup.com\/de\/politique-de-confidentialite\/\" \/>\n<meta property=\"og:locale\" content=\"de_DE\" \/>\n<meta property=\"og:type\" content=\"article\" \/>\n<meta property=\"og:title\" content=\"Politique de confidentialit\u00e9 - GPS Monaco Group\" \/>\n<meta property=\"og:description\" content=\"Conform\u00e9ment aux dispositions des articles 6-III et 19 de la Loi n\u00b0 2004-575 du 21 juin 2004 pour la Confiance dans l\u2019\u00e9conomie num\u00e9rique, dite L.C.E.N., nous portons \u00e0 la connaissance des utilisateurs et visiteurs du site : https:\/\/gpsmonacogroup.com\/ les informations suivantes : Respect des donn\u00e9es \u00e0 caract\u00e8re personnel Conform\u00e9ment \u00e0 la r\u00e9glementation en vigueur, https:\/\/gpsmonacogroup.com\/\u00a0s\u2019engage [&hellip;]\" \/>\n<meta property=\"og:url\" content=\"https:\/\/gpsmonacogroup.com\/de\/politique-de-confidentialite\/\" \/>\n<meta property=\"og:site_name\" content=\"GPS Monaco Group\" \/>\n<meta property=\"article:modified_time\" content=\"2025-02-21T10:37:43+00:00\" \/>\n<meta name=\"twitter:card\" content=\"summary_large_image\" \/>\n<meta name=\"twitter:label1\" content=\"Gesch\u00e4tzte Lesezeit\" \/>\n\t<meta name=\"twitter:data1\" content=\"6\u00a0Minuten\" \/>\n<script type=\"application\/ld+json\" class=\"yoast-schema-graph\">{\"@context\":\"https:\/\/schema.org\",\"@graph\":[{\"@type\":\"WebPage\",\"@id\":\"https:\/\/gpsmonacogroup.com\/politique-de-confidentialite\/\",\"url\":\"https:\/\/gpsmonacogroup.com\/politique-de-confidentialite\/\",\"name\":\"Politique de confidentialit\u00e9 - GPS Monaco Group\",\"isPartOf\":{\"@id\":\"https:\/\/gpsmonacogroup.com\/it\/#website\"},\"datePublished\":\"2024-08-27T12:07:40+00:00\",\"dateModified\":\"2025-02-21T10:37:43+00:00\",\"breadcrumb\":{\"@id\":\"https:\/\/gpsmonacogroup.com\/politique-de-confidentialite\/#breadcrumb\"},\"inLanguage\":\"de\",\"potentialAction\":[{\"@type\":\"ReadAction\",\"target\":[\"https:\/\/gpsmonacogroup.com\/politique-de-confidentialite\/\"]}]},{\"@type\":\"BreadcrumbList\",\"@id\":\"https:\/\/gpsmonacogroup.com\/politique-de-confidentialite\/#breadcrumb\",\"itemListElement\":[{\"@type\":\"ListItem\",\"position\":1,\"name\":\"Accueil\",\"item\":\"https:\/\/gpsmonacogroup.com\/\"},{\"@type\":\"ListItem\",\"position\":2,\"name\":\"Politique de confidentialit\u00e9\"}]},{\"@type\":\"WebSite\",\"@id\":\"https:\/\/gpsmonacogroup.com\/it\/#website\",\"url\":\"https:\/\/gpsmonacogroup.com\/it\/\",\"name\":\"GPS Monaco Group\",\"description\":\"\",\"publisher\":{\"@id\":\"https:\/\/gpsmonacogroup.com\/it\/#organization\"},\"potentialAction\":[{\"@type\":\"SearchAction\",\"target\":{\"@type\":\"EntryPoint\",\"urlTemplate\":\"https:\/\/gpsmonacogroup.com\/it\/?s={search_term_string}\"},\"query-input\":{\"@type\":\"PropertyValueSpecification\",\"valueRequired\":true,\"valueName\":\"search_term_string\"}}],\"inLanguage\":\"de\"},{\"@type\":\"Organization\",\"@id\":\"https:\/\/gpsmonacogroup.com\/it\/#organization\",\"name\":\"GPS Monaco Group\",\"url\":\"https:\/\/gpsmonacogroup.com\/it\/\",\"logo\":{\"@type\":\"ImageObject\",\"inLanguage\":\"de\",\"@id\":\"https:\/\/gpsmonacogroup.com\/it\/#\/schema\/logo\/image\/\",\"url\":\"https:\/\/gpsmonacogroup.com\/wp-content\/uploads\/2024\/08\/logo-GPS-blanc.webp\",\"contentUrl\":\"https:\/\/gpsmonacogroup.com\/wp-content\/uploads\/2024\/08\/logo-GPS-blanc.webp\",\"width\":211,\"height\":125,\"caption\":\"GPS Monaco Group\"},\"image\":{\"@id\":\"https:\/\/gpsmonacogroup.com\/it\/#\/schema\/logo\/image\/\"}}]}<\/script>\n<!-- \/ Yoast SEO plugin. -->","yoast_head_json":{"title":"Politique de confidentialit\u00e9 - GPS Monaco Group","robots":{"index":"index","follow":"follow","max-snippet":"max-snippet:-1","max-image-preview":"max-image-preview:large","max-video-preview":"max-video-preview:-1"},"canonical":"https:\/\/gpsmonacogroup.com\/de\/politique-de-confidentialite\/","og_locale":"de_DE","og_type":"article","og_title":"Politique de confidentialit\u00e9 - GPS Monaco Group","og_description":"Conform\u00e9ment aux dispositions des articles 6-III et 19 de la Loi n\u00b0 2004-575 du 21 juin 2004 pour la Confiance dans l\u2019\u00e9conomie num\u00e9rique, dite L.C.E.N., nous portons \u00e0 la connaissance des utilisateurs et visiteurs du site : https:\/\/gpsmonacogroup.com\/ les informations suivantes : Respect des donn\u00e9es \u00e0 caract\u00e8re personnel Conform\u00e9ment \u00e0 la r\u00e9glementation en vigueur, https:\/\/gpsmonacogroup.com\/\u00a0s\u2019engage [&hellip;]","og_url":"https:\/\/gpsmonacogroup.com\/de\/politique-de-confidentialite\/","og_site_name":"GPS Monaco Group","article_modified_time":"2025-02-21T10:37:43+00:00","twitter_card":"summary_large_image","twitter_misc":{"Gesch\u00e4tzte Lesezeit":"6\u00a0Minuten"},"schema":{"@context":"https:\/\/schema.org","@graph":[{"@type":"WebPage","@id":"https:\/\/gpsmonacogroup.com\/politique-de-confidentialite\/","url":"https:\/\/gpsmonacogroup.com\/politique-de-confidentialite\/","name":"Politique de confidentialit\u00e9 - GPS Monaco Group","isPartOf":{"@id":"https:\/\/gpsmonacogroup.com\/it\/#website"},"datePublished":"2024-08-27T12:07:40+00:00","dateModified":"2025-02-21T10:37:43+00:00","breadcrumb":{"@id":"https:\/\/gpsmonacogroup.com\/politique-de-confidentialite\/#breadcrumb"},"inLanguage":"de","potentialAction":[{"@type":"ReadAction","target":["https:\/\/gpsmonacogroup.com\/politique-de-confidentialite\/"]}]},{"@type":"BreadcrumbList","@id":"https:\/\/gpsmonacogroup.com\/politique-de-confidentialite\/#breadcrumb","itemListElement":[{"@type":"ListItem","position":1,"name":"Accueil","item":"https:\/\/gpsmonacogroup.com\/"},{"@type":"ListItem","position":2,"name":"Politique de confidentialit\u00e9"}]},{"@type":"WebSite","@id":"https:\/\/gpsmonacogroup.com\/it\/#website","url":"https:\/\/gpsmonacogroup.com\/it\/","name":"GPS Monaco Group","description":"","publisher":{"@id":"https:\/\/gpsmonacogroup.com\/it\/#organization"},"potentialAction":[{"@type":"SearchAction","target":{"@type":"EntryPoint","urlTemplate":"https:\/\/gpsmonacogroup.com\/it\/?s={search_term_string}"},"query-input":{"@type":"PropertyValueSpecification","valueRequired":true,"valueName":"search_term_string"}}],"inLanguage":"de"},{"@type":"Organization","@id":"https:\/\/gpsmonacogroup.com\/it\/#organization","name":"GPS Monaco Group","url":"https:\/\/gpsmonacogroup.com\/it\/","logo":{"@type":"ImageObject","inLanguage":"de","@id":"https:\/\/gpsmonacogroup.com\/it\/#\/schema\/logo\/image\/","url":"https:\/\/gpsmonacogroup.com\/wp-content\/uploads\/2024\/08\/logo-GPS-blanc.webp","contentUrl":"https:\/\/gpsmonacogroup.com\/wp-content\/uploads\/2024\/08\/logo-GPS-blanc.webp","width":211,"height":125,"caption":"GPS Monaco Group"},"image":{"@id":"https:\/\/gpsmonacogroup.com\/it\/#\/schema\/logo\/image\/"}}]}},"_links":{"self":[{"href":"https:\/\/gpsmonacogroup.com\/de\/wp-json\/wp\/v2\/pages\/3","targetHints":{"allow":["GET"]}}],"collection":[{"href":"https:\/\/gpsmonacogroup.com\/de\/wp-json\/wp\/v2\/pages"}],"about":[{"href":"https:\/\/gpsmonacogroup.com\/de\/wp-json\/wp\/v2\/types\/page"}],"author":[{"embeddable":true,"href":"https:\/\/gpsmonacogroup.com\/de\/wp-json\/wp\/v2\/users\/1"}],"replies":[{"embeddable":true,"href":"https:\/\/gpsmonacogroup.com\/de\/wp-json\/wp\/v2\/comments?post=3"}],"version-history":[{"count":7,"href":"https:\/\/gpsmonacogroup.com\/de\/wp-json\/wp\/v2\/pages\/3\/revisions"}],"predecessor-version":[{"id":6120,"href":"https:\/\/gpsmonacogroup.com\/de\/wp-json\/wp\/v2\/pages\/3\/revisions\/6120"}],"wp:attachment":[{"href":"https:\/\/gpsmonacogroup.com\/de\/wp-json\/wp\/v2\/media?parent=3"}],"curies":[{"name":"wp","href":"https:\/\/api.w.org\/{rel}","templated":true}]}}