{"id":1885,"date":"2024-09-20T11:42:04","date_gmt":"2024-09-20T09:42:04","guid":{"rendered":"https:\/\/gpsmonaco.test\/?page_id=1885"},"modified":"2025-08-27T10:53:35","modified_gmt":"2025-08-27T08:53:35","slug":"contact","status":"publish","type":"page","link":"https:\/\/gpsmonacogroup.com\/de\/contact\/","title":{"rendered":"Kontakt"},"content":{"rendered":"\t\t<div data-elementor-type=\"wp-page\" data-elementor-id=\"1885\" class=\"elementor elementor-1885\" data-elementor-post-type=\"page\">\n\t\t\t\t<div class=\"elementor-element elementor-element-8420dac e-con-full e-flex e-con e-parent\" data-id=\"8420dac\" data-element_type=\"container\" data-e-type=\"container\" data-settings=\"{&quot;background_background&quot;:&quot;classic&quot;}\">\n\t\t\t\t<div class=\"elementor-element elementor-element-ecd9050 elementor-widget elementor-widget-heading\" data-id=\"ecd9050\" data-element_type=\"widget\" data-e-type=\"widget\" data-widget_type=\"heading.default\">\n\t\t\t\t<div class=\"elementor-widget-container\">\n\t\t\t\t\t<h1 class=\"elementor-heading-title elementor-size-default\">Prenons Rendez-Vous<\/h1>\t\t\t\t<\/div>\n\t\t\t\t<\/div>\n\t\t\t\t<div class=\"elementor-element elementor-element-0201352 elementor-widget__width-initial elementor-widget elementor-widget-text-editor\" data-id=\"0201352\" data-element_type=\"widget\" data-e-type=\"widget\" data-widget_type=\"text-editor.default\">\n\t\t\t\t<div class=\"elementor-widget-container\">\n\t\t\t\t\t\t\t\t\t<p>Nous vous proposons un premier entretien\u00a0<strong>gratuit et sans engagement<\/strong>\u2028afin d\u2019\u00e9tablir <strong>un diagnostic de vos besoins !<\/strong><\/p>\t\t\t\t\t\t\t\t<\/div>\n\t\t\t\t<\/div>\n\t\t\t\t<div class=\"elementor-element elementor-element-c77fad4 elementor-widget__width-inherit elementor-widget elementor-widget-html\" data-id=\"c77fad4\" data-element_type=\"widget\" data-e-type=\"widget\" data-widget_type=\"html.default\">\n\t\t\t\t<div class=\"elementor-widget-container\">\n\t\t\t\t\t<!-- D\u00e9but de widget en ligne Calendly -->\n\n<div class=\"calendly-inline-widget\" data-url=https:\/\/calendly.com\/gps_monaco_group\/20min style=\"min-width:320px;height:630px;\"><\/div>\n\n<script type=\"text\/javascript\" src=https:\/\/assets.calendly.com\/assets\/external\/widget.js async><\/script>\n\n<!-- Fin de widget en ligne Calendly -->\t\t\t\t<\/div>\n\t\t\t\t<\/div>\n\t\t\t\t<div class=\"elementor-element elementor-element-9357ad6 elementor-widget elementor-widget-text-editor\" data-id=\"9357ad6\" data-element_type=\"widget\" data-e-type=\"widget\" data-widget_type=\"text-editor.default\">\n\t\t\t\t<div class=\"elementor-widget-container\">\n\t\t\t\t\t\t\t\t\t<p>Il n\u2019y a plus de cr\u00e9neau de rendez-vous disponible ?\u2028<br \/><strong>Remplissez\u00a0notre formulaire ci-dessous,\u00a0nous vous r\u00e9pondrons dans les plus brefs d\u00e9lais !<\/strong><\/p>\t\t\t\t\t\t\t\t<\/div>\n\t\t\t\t<\/div>\n\t\t\t\t<div class=\"elementor-element elementor-element-7134438 elementor-widget elementor-widget-heading\" data-id=\"7134438\" data-element_type=\"widget\" data-e-type=\"widget\" data-widget_type=\"heading.default\">\n\t\t\t\t<div class=\"elementor-widget-container\">\n\t\t\t\t\t<h2 class=\"elementor-heading-title elementor-size-default\">Nous contacter<\/h2>\t\t\t\t<\/div>\n\t\t\t\t<\/div>\n\t\t\t\t<div class=\"elementor-element elementor-element-b4340a4 elementor-widget elementor-widget-text-editor\" data-id=\"b4340a4\" data-element_type=\"widget\" data-e-type=\"widget\" data-widget_type=\"text-editor.default\">\n\t\t\t\t<div class=\"elementor-widget-container\">\n\t\t\t\t\t\t\t\t\t<p>Une question ? Une demande de projet ? Remplissez le formulaire ci-dessous !<\/p>\t\t\t\t\t\t\t\t<\/div>\n\t\t\t\t<\/div>\n\t\t<div class=\"elementor-element elementor-element-cb4a306 e-con-full e-flex e-con e-child\" data-id=\"cb4a306\" data-element_type=\"container\" data-e-type=\"container\" data-settings=\"{&quot;background_background&quot;:&quot;classic&quot;}\">\n\t\t<div class=\"elementor-element elementor-element-294f1b4 e-con-full e-flex e-con e-child\" data-id=\"294f1b4\" data-element_type=\"container\" data-e-type=\"container\" data-settings=\"{&quot;background_background&quot;:&quot;classic&quot;}\">\n\t\t\t\t<\/div>\n\t\t<div class=\"elementor-element elementor-element-2ecdaca e-con-full e-flex e-con e-child\" data-id=\"2ecdaca\" data-element_type=\"container\" data-e-type=\"container\">\n\t\t\t\t<div class=\"elementor-element elementor-element-d4f6895 elementor-button-align-center elementor-widget__width-inherit elementor-widget elementor-widget-form\" data-id=\"d4f6895\" data-element_type=\"widget\" data-e-type=\"widget\" data-settings=\"{&quot;step_next_label&quot;:&quot;Suivant&quot;,&quot;step_previous_label&quot;:&quot;Pr\\u00e9c\\u00e9dent&quot;,&quot;button_width&quot;:&quot;100&quot;,&quot;step_type&quot;:&quot;number_text&quot;,&quot;step_icon_shape&quot;:&quot;circle&quot;}\" data-widget_type=\"form.default\">\n\t\t\t\t<div class=\"elementor-widget-container\">\n\t\t\t\t\t\t\t<form class=\"elementor-form\" method=\"post\" name=\"Formulaire de contact\" aria-label=\"Formulaire de contact\">\n\t\t\t<input type=\"hidden\" name=\"post_id\" value=\"1885\"\/>\n\t\t\t<input type=\"hidden\" name=\"form_id\" value=\"d4f6895\"\/>\n\t\t\t<input type=\"hidden\" name=\"referer_title\" value=\"Contact - GPS Monaco Group\" \/>\n\n\t\t\t\t\t\t\t<input type=\"hidden\" name=\"queried_id\" value=\"1885\"\/>\n\t\t\t\n\t\t\t<div class=\"elementor-form-fields-wrapper elementor-labels-\">\n\t\t\t\t\t\t\t\t<div class=\"elementor-field-type-text elementor-field-group elementor-column elementor-field-group-name elementor-col-50 elementor-field-required\">\n\t\t\t\t\t\t\t\t\t\t\t\t<label for=\"form-field-name\" class=\"elementor-field-label elementor-screen-only\">\n\t\t\t\t\t\t\t\tNom\t\t\t\t\t\t\t<\/label>\n\t\t\t\t\t\t\t\t\t\t\t\t\t\t<input size=\"1\" type=\"text\" name=\"form_fields[name]\" id=\"form-field-name\" class=\"elementor-field elementor-size-md  elementor-field-textual\" placeholder=\"Nom*\" required=\"required\">\n\t\t\t\t\t\t\t\t\t\t\t<\/div>\n\t\t\t\t\t\t\t\t<div class=\"elementor-field-type-text elementor-field-group elementor-column elementor-field-group-field_9a83e5d elementor-col-50 elementor-field-required\">\n\t\t\t\t\t\t\t\t\t\t\t\t<label for=\"form-field-field_9a83e5d\" class=\"elementor-field-label elementor-screen-only\">\n\t\t\t\t\t\t\t\tPr\u00e9nom\t\t\t\t\t\t\t<\/label>\n\t\t\t\t\t\t\t\t\t\t\t\t\t\t<input size=\"1\" type=\"text\" name=\"form_fields[field_9a83e5d]\" id=\"form-field-field_9a83e5d\" class=\"elementor-field elementor-size-md  elementor-field-textual\" placeholder=\"Pr\u00e9nom*\" required=\"required\">\n\t\t\t\t\t\t\t\t\t\t\t<\/div>\n\t\t\t\t\t\t\t\t<div class=\"elementor-field-type-email elementor-field-group elementor-column elementor-field-group-email elementor-col-100 elementor-field-required\">\n\t\t\t\t\t\t\t\t\t\t\t\t<label for=\"form-field-email\" class=\"elementor-field-label elementor-screen-only\">\n\t\t\t\t\t\t\t\tE-mail\t\t\t\t\t\t\t<\/label>\n\t\t\t\t\t\t\t\t\t\t\t\t\t\t<input size=\"1\" type=\"email\" name=\"form_fields[email]\" id=\"form-field-email\" class=\"elementor-field elementor-size-md  elementor-field-textual\" placeholder=\"E-mail*\" required=\"required\">\n\t\t\t\t\t\t\t\t\t\t\t<\/div>\n\t\t\t\t\t\t\t\t<div class=\"elementor-field-type-text elementor-field-group elementor-column elementor-field-group-field_dff8339 elementor-col-100 elementor-field-required\">\n\t\t\t\t\t\t\t\t\t\t\t\t<label for=\"form-field-field_dff8339\" class=\"elementor-field-label elementor-screen-only\">\n\t\t\t\t\t\t\t\tObjet\t\t\t\t\t\t\t<\/label>\n\t\t\t\t\t\t\t\t\t\t\t\t\t\t<input size=\"1\" type=\"text\" name=\"form_fields[field_dff8339]\" id=\"form-field-field_dff8339\" class=\"elementor-field elementor-size-md  elementor-field-textual\" placeholder=\"Objet*\" required=\"required\">\n\t\t\t\t\t\t\t\t\t\t\t<\/div>\n\t\t\t\t\t\t\t\t<div class=\"elementor-field-type-textarea elementor-field-group elementor-column elementor-field-group-message elementor-col-100 elementor-field-required\">\n\t\t\t\t\t\t\t\t\t\t\t\t<label for=\"form-field-message\" class=\"elementor-field-label elementor-screen-only\">\n\t\t\t\t\t\t\t\tMessage\t\t\t\t\t\t\t<\/label>\n\t\t\t\t\t\t<textarea class=\"elementor-field-textual elementor-field  elementor-size-md\" name=\"form_fields[message]\" id=\"form-field-message\" rows=\"13\" placeholder=\"Message*\" required=\"required\"><\/textarea>\t\t\t\t<\/div>\n\t\t\t\t\t\t\t\t<div class=\"elementor-field-type-text\">\n\t\t\t\t\t<input size=\"1\" type=\"text\" name=\"form_fields[field_4c4e0f4]\" id=\"form-field-field_4c4e0f4\" class=\"elementor-field elementor-size-md \" style=\"display:none !important;\">\t\t\t\t<\/div>\n\t\t\t\t\t\t\t\t<div class=\"elementor-field-type-recaptcha_v3 elementor-field-group elementor-column elementor-field-group-field_356b590 elementor-col-100 recaptcha_v3-inline\">\n\t\t\t\t\t<div class=\"elementor-field\" id=\"form-field-field_356b590\"><div class=\"elementor-g-recaptcha\" data-sitekey=\"6LflwqkqAAAAAJRgtPvwCsw57uoA0-Jewz_EU9uD\" data-type=\"v3\" data-action=\"Form\" data-badge=\"inline\" data-size=\"invisible\"><\/div><\/div>\t\t\t\t<\/div>\n\t\t\t\t\t\t\t\t<div class=\"elementor-field-group elementor-column elementor-field-type-submit elementor-col-100 e-form__buttons\">\n\t\t\t\t\t<button class=\"elementor-button elementor-size-md\" type=\"submit\">\n\t\t\t\t\t\t<span class=\"elementor-button-content-wrapper\">\n\t\t\t\t\t\t\t\t\t\t\t\t\t\t\t\t\t\t\t\t\t\t<span class=\"elementor-button-text\">Envoyer<\/span>\n\t\t\t\t\t\t\t\t\t\t\t\t\t<\/span>\n\t\t\t\t\t<\/button>\n\t\t\t\t<\/div>\n\t\t\t<\/div>\n\t\t<\/form>\n\t\t\t\t\t\t<\/div>\n\t\t\t\t<\/div>\n\t\t\t\t<\/div>\n\t\t\t\t<\/div>\n\t\t\t\t<\/div>\n\t\t\t\t<\/div>\n\t\t","protected":false},"excerpt":{"rendered":"<p>Termin vereinbaren Wir bieten Ihnen ein kostenloses und unverbindliches Erstgespr\u00e4ch an, um Ihre Bed\u00fcrfnisse zu diagnostizieren! Es ist kein Termin mehr frei?F\u00fcllen Sie unser untenstehendes Formular aus, wir werden Ihnen so schnell wie m\u00f6glich antworten! Kontakt Eine Frage? Eine Anfrage zu einem Projekt? F\u00fcllen Sie das untenstehende Formular aus!<\/p>","protected":false},"author":1,"featured_media":0,"parent":0,"menu_order":0,"comment_status":"closed","ping_status":"closed","template":"","meta":{"_acf_changed":false,"inline_featured_image":false,"footnotes":""},"class_list":["post-1885","page","type-page","status-publish","hentry"],"acf":[],"yoast_head":"<!-- This site is optimized with the Yoast SEO plugin v27.0 - https:\/\/yoast.com\/product\/yoast-seo-wordpress\/ -->\n<title>Contact - GPS Monaco Group<\/title>\n<meta name=\"robots\" content=\"index, follow, max-snippet:-1, max-image-preview:large, max-video-preview:-1\" \/>\n<link rel=\"canonical\" href=\"https:\/\/gpsmonacogroup.com\/de\/contact\/\" \/>\n<meta property=\"og:locale\" content=\"de_DE\" \/>\n<meta property=\"og:type\" content=\"article\" \/>\n<meta property=\"og:title\" content=\"Contact - GPS Monaco Group\" \/>\n<meta property=\"og:description\" content=\"Prenons Rendez-Vous Nous vous proposons un premier entretien\u00a0gratuit et sans engagement\u2028afin d\u2019\u00e9tablir un diagnostic de vos besoins ! Il n\u2019y a plus de cr\u00e9neau de rendez-vous disponible ?\u2028Remplissez\u00a0notre formulaire ci-dessous,\u00a0nous vous r\u00e9pondrons dans les plus brefs d\u00e9lais ! Nous contacter Une question ? Une demande de projet ? Remplissez le formulaire ci-dessous !\" \/>\n<meta property=\"og:url\" content=\"https:\/\/gpsmonacogroup.com\/de\/contact\/\" \/>\n<meta property=\"og:site_name\" content=\"GPS Monaco Group\" \/>\n<meta property=\"article:modified_time\" content=\"2025-08-27T08:53:35+00:00\" \/>\n<meta name=\"twitter:card\" content=\"summary_large_image\" \/>\n<meta name=\"twitter:label1\" content=\"Gesch\u00e4tzte Lesezeit\" \/>\n\t<meta name=\"twitter:data1\" content=\"1\u00a0Minute\" \/>\n<script type=\"application\/ld+json\" class=\"yoast-schema-graph\">{\"@context\":\"https:\/\/schema.org\",\"@graph\":[{\"@type\":\"WebPage\",\"@id\":\"https:\/\/gpsmonacogroup.com\/contact\/\",\"url\":\"https:\/\/gpsmonacogroup.com\/contact\/\",\"name\":\"Contact - GPS Monaco Group\",\"isPartOf\":{\"@id\":\"https:\/\/gpsmonacogroup.com\/it\/#website\"},\"datePublished\":\"2024-09-20T09:42:04+00:00\",\"dateModified\":\"2025-08-27T08:53:35+00:00\",\"breadcrumb\":{\"@id\":\"https:\/\/gpsmonacogroup.com\/contact\/#breadcrumb\"},\"inLanguage\":\"de\",\"potentialAction\":[{\"@type\":\"ReadAction\",\"target\":[\"https:\/\/gpsmonacogroup.com\/contact\/\"]}]},{\"@type\":\"BreadcrumbList\",\"@id\":\"https:\/\/gpsmonacogroup.com\/contact\/#breadcrumb\",\"itemListElement\":[{\"@type\":\"ListItem\",\"position\":1,\"name\":\"Accueil\",\"item\":\"https:\/\/gpsmonacogroup.com\/\"},{\"@type\":\"ListItem\",\"position\":2,\"name\":\"Contact\"}]},{\"@type\":\"WebSite\",\"@id\":\"https:\/\/gpsmonacogroup.com\/it\/#website\",\"url\":\"https:\/\/gpsmonacogroup.com\/it\/\",\"name\":\"GPS Monaco Group\",\"description\":\"\",\"publisher\":{\"@id\":\"https:\/\/gpsmonacogroup.com\/it\/#organization\"},\"potentialAction\":[{\"@type\":\"SearchAction\",\"target\":{\"@type\":\"EntryPoint\",\"urlTemplate\":\"https:\/\/gpsmonacogroup.com\/it\/?s={search_term_string}\"},\"query-input\":{\"@type\":\"PropertyValueSpecification\",\"valueRequired\":true,\"valueName\":\"search_term_string\"}}],\"inLanguage\":\"de\"},{\"@type\":\"Organization\",\"@id\":\"https:\/\/gpsmonacogroup.com\/it\/#organization\",\"name\":\"GPS Monaco Group\",\"url\":\"https:\/\/gpsmonacogroup.com\/it\/\",\"logo\":{\"@type\":\"ImageObject\",\"inLanguage\":\"de\",\"@id\":\"https:\/\/gpsmonacogroup.com\/it\/#\/schema\/logo\/image\/\",\"url\":\"https:\/\/gpsmonacogroup.com\/wp-content\/uploads\/2024\/08\/logo-GPS-blanc.webp\",\"contentUrl\":\"https:\/\/gpsmonacogroup.com\/wp-content\/uploads\/2024\/08\/logo-GPS-blanc.webp\",\"width\":211,\"height\":125,\"caption\":\"GPS Monaco Group\"},\"image\":{\"@id\":\"https:\/\/gpsmonacogroup.com\/it\/#\/schema\/logo\/image\/\"}}]}<\/script>\n<!-- \/ Yoast SEO plugin. -->","yoast_head_json":{"title":"Contact - GPS Monaco Group","robots":{"index":"index","follow":"follow","max-snippet":"max-snippet:-1","max-image-preview":"max-image-preview:large","max-video-preview":"max-video-preview:-1"},"canonical":"https:\/\/gpsmonacogroup.com\/de\/contact\/","og_locale":"de_DE","og_type":"article","og_title":"Contact - GPS Monaco Group","og_description":"Prenons Rendez-Vous Nous vous proposons un premier entretien\u00a0gratuit et sans engagement\u2028afin d\u2019\u00e9tablir un diagnostic de vos besoins ! Il n\u2019y a plus de cr\u00e9neau de rendez-vous disponible ?\u2028Remplissez\u00a0notre formulaire ci-dessous,\u00a0nous vous r\u00e9pondrons dans les plus brefs d\u00e9lais ! Nous contacter Une question ? Une demande de projet ? Remplissez le formulaire ci-dessous !","og_url":"https:\/\/gpsmonacogroup.com\/de\/contact\/","og_site_name":"GPS Monaco Group","article_modified_time":"2025-08-27T08:53:35+00:00","twitter_card":"summary_large_image","twitter_misc":{"Gesch\u00e4tzte Lesezeit":"1\u00a0Minute"},"schema":{"@context":"https:\/\/schema.org","@graph":[{"@type":"WebPage","@id":"https:\/\/gpsmonacogroup.com\/contact\/","url":"https:\/\/gpsmonacogroup.com\/contact\/","name":"Contact - GPS Monaco Group","isPartOf":{"@id":"https:\/\/gpsmonacogroup.com\/it\/#website"},"datePublished":"2024-09-20T09:42:04+00:00","dateModified":"2025-08-27T08:53:35+00:00","breadcrumb":{"@id":"https:\/\/gpsmonacogroup.com\/contact\/#breadcrumb"},"inLanguage":"de","potentialAction":[{"@type":"ReadAction","target":["https:\/\/gpsmonacogroup.com\/contact\/"]}]},{"@type":"BreadcrumbList","@id":"https:\/\/gpsmonacogroup.com\/contact\/#breadcrumb","itemListElement":[{"@type":"ListItem","position":1,"name":"Accueil","item":"https:\/\/gpsmonacogroup.com\/"},{"@type":"ListItem","position":2,"name":"Contact"}]},{"@type":"WebSite","@id":"https:\/\/gpsmonacogroup.com\/it\/#website","url":"https:\/\/gpsmonacogroup.com\/it\/","name":"GPS Monaco Group","description":"","publisher":{"@id":"https:\/\/gpsmonacogroup.com\/it\/#organization"},"potentialAction":[{"@type":"SearchAction","target":{"@type":"EntryPoint","urlTemplate":"https:\/\/gpsmonacogroup.com\/it\/?s={search_term_string}"},"query-input":{"@type":"PropertyValueSpecification","valueRequired":true,"valueName":"search_term_string"}}],"inLanguage":"de"},{"@type":"Organization","@id":"https:\/\/gpsmonacogroup.com\/it\/#organization","name":"GPS Monaco Group","url":"https:\/\/gpsmonacogroup.com\/it\/","logo":{"@type":"ImageObject","inLanguage":"de","@id":"https:\/\/gpsmonacogroup.com\/it\/#\/schema\/logo\/image\/","url":"https:\/\/gpsmonacogroup.com\/wp-content\/uploads\/2024\/08\/logo-GPS-blanc.webp","contentUrl":"https:\/\/gpsmonacogroup.com\/wp-content\/uploads\/2024\/08\/logo-GPS-blanc.webp","width":211,"height":125,"caption":"GPS Monaco Group"},"image":{"@id":"https:\/\/gpsmonacogroup.com\/it\/#\/schema\/logo\/image\/"}}]}},"_links":{"self":[{"href":"https:\/\/gpsmonacogroup.com\/de\/wp-json\/wp\/v2\/pages\/1885","targetHints":{"allow":["GET"]}}],"collection":[{"href":"https:\/\/gpsmonacogroup.com\/de\/wp-json\/wp\/v2\/pages"}],"about":[{"href":"https:\/\/gpsmonacogroup.com\/de\/wp-json\/wp\/v2\/types\/page"}],"author":[{"embeddable":true,"href":"https:\/\/gpsmonacogroup.com\/de\/wp-json\/wp\/v2\/users\/1"}],"replies":[{"embeddable":true,"href":"https:\/\/gpsmonacogroup.com\/de\/wp-json\/wp\/v2\/comments?post=1885"}],"version-history":[{"count":68,"href":"https:\/\/gpsmonacogroup.com\/de\/wp-json\/wp\/v2\/pages\/1885\/revisions"}],"predecessor-version":[{"id":11251,"href":"https:\/\/gpsmonacogroup.com\/de\/wp-json\/wp\/v2\/pages\/1885\/revisions\/11251"}],"wp:attachment":[{"href":"https:\/\/gpsmonacogroup.com\/de\/wp-json\/wp\/v2\/media?parent=1885"}],"curies":[{"name":"wp","href":"https:\/\/api.w.org\/{rel}","templated":true}]}}